{"id":7045,"date":"2019-09-18T14:47:04","date_gmt":"2019-09-18T11:47:04","guid":{"rendered":"http:\/\/www.ttistanbulspor.org\/?post_type=product&#038;p=7045"},"modified":"2019-09-18T14:47:34","modified_gmt":"2019-09-18T11:47:34","slug":"oyle-miymis","status":"publish","type":"product","link":"http:\/\/www.ttistanbulspor.org\/index.php\/urun\/oyle-miymis\/","title":{"rendered":"\u00d6YLE M\u0130YM\u0130\u015e?"},"content":{"rendered":"<p>Ne yapt\u0131k biz sahi burda bunca vakit, d\u00f6rt mevsim, o\u011ful u\u015fak, bez tarak? Ne yapacaks\u0131n bir d\u00fczen var, ilah\u00ee d\u00fczen, yaprak d\u00fc\u015f\u00fcyor, g\u00fczelim ku\u015flar huzurda el pen\u00e7e bekliyor, insan kendisi tokken ba\u015fkalar\u0131n\u0131n da hep bir \u015fekilde doyuruldu\u011funu san\u0131yor, yemi\u015ftir bir \u015fey diyor, doymu\u015ftur, i\u00e7mi\u015ftir, i\u00e7mez olur mu, yoksa \u00f6l\u00fcr diyor, ama ertesi g\u00fcn \u00f6l\u00fc m\u00fc diri mi bakm\u0131yor. Aslan elleri \u00f6nde eceli arkas\u0131nda yatm\u0131\u015f yar\u0131 a\u00e7 ama heybetli, o\u011flan be\u015f bin y\u0131l evvelin hatalar\u0131n\u0131 yap\u0131yor, ama akl\u0131na derslerde de okusa, kitaplarda da kavu\u015fam\u0131yor, o da anla\u015f\u0131lan ge\u00e7iyor, k\u0131z \u00fc\u00e7 bin sene \u00f6ncenin heveslerinde, senin k\u0131za bak dirilse bir Asurlu g\u00fclecek, ey Mezopotamya, eski krall\u0131k, asma bah\u00e7eleri, kuleler, yenisi ve iyisi yap\u0131lamazken bunca y\u0131k\u0131lmak niye?<\/p>\n","protected":false},"excerpt":{"rendered":"<p>Ne yapt\u0131k biz sahi burda bunca vakit, d\u00f6rt mevsim, o\u011ful u\u015fak, bez tarak? Ne yapacaks\u0131n bir d\u00fczen var, ilah\u00ee d\u00fczen, yaprak d\u00fc\u015f\u00fcyor, g\u00fczelim ku\u015flar huzurda el pen\u00e7e bekliyor, insan kendisi tokken ba\u015fkalar\u0131n\u0131n da hep bir \u015fekilde doyuruldu\u011funu san\u0131yor, yemi\u015ftir bir \u015fey diyor, doymu\u015ftur, i\u00e7mi\u015ftir, i\u00e7mez olur mu, yoksa \u00f6l\u00fcr diyor, ama ertesi g\u00fcn \u00f6l\u00fc m\u00fc diri mi bakm\u0131yor. Aslan elleri \u00f6nde eceli arkas\u0131nda yatm\u0131\u015f yar\u0131 a\u00e7 ama heybetli, o\u011flan be\u015f bin y\u0131l evvelin hatalar\u0131n\u0131 yap\u0131yor, ama akl\u0131na derslerde de okusa, kitaplarda da kavu\u015fam\u0131yor, o da anla\u015f\u0131lan ge\u00e7iyor, k\u0131z \u00fc\u00e7 bin sene \u00f6ncenin heveslerinde, senin k\u0131za bak dirilse bir Asurlu g\u00fclecek, ey Mezopotamya, eski krall\u0131k, asma bah\u00e7eleri, kuleler, yenisi ve iyisi yap\u0131lamazken bunca y\u0131k\u0131lmak niye?<\/p>\n","protected":false},"featured_media":7046,"comment_status":"open","ping_status":"closed","template":"","meta":[],"class_list":["post-7045","product","type-product","status-publish","has-post-thumbnail","hentry","product_cat-romanhikaye"],"_links":{"self":[{"href":"http:\/\/www.ttistanbulspor.org\/index.php\/wp-json\/wp\/v2\/product\/7045","targetHints":{"allow":["GET"]}}],"collection":[{"href":"http:\/\/www.ttistanbulspor.org\/index.php\/wp-json\/wp\/v2\/product"}],"about":[{"href":"http:\/\/www.ttistanbulspor.org\/index.php\/wp-json\/wp\/v2\/types\/product"}],"replies":[{"embeddable":true,"href":"http:\/\/www.ttistanbulspor.org\/index.php\/wp-json\/wp\/v2\/comments?post=7045"}],"wp:featuredmedia":[{"embeddable":true,"href":"http:\/\/www.ttistanbulspor.org\/index.php\/wp-json\/wp\/v2\/media\/7046"}],"wp:attachment":[{"href":"http:\/\/www.ttistanbulspor.org\/index.php\/wp-json\/wp\/v2\/media?parent=7045"}],"curies":[{"name":"wp","href":"https:\/\/api.w.org\/{rel}","templated":true}]}}