{"id":7031,"date":"2019-09-18T13:53:30","date_gmt":"2019-09-18T10:53:30","guid":{"rendered":"http:\/\/www.ttistanbulspor.org\/?post_type=product&#038;p=7031"},"modified":"2019-09-18T13:53:47","modified_gmt":"2019-09-18T10:53:47","slug":"istanbul-hatiralar-ve-sehir-2","status":"publish","type":"product","link":"http:\/\/www.ttistanbulspor.org\/index.php\/urun\/istanbul-hatiralar-ve-sehir-2\/","title":{"rendered":"\u0130stanbul &#8211; Hat\u0131ralar ve \u015eehir"},"content":{"rendered":"<p>Orhan Pamuk \u0130stanbul&#8217;da, hayat\u0131n\u0131n ilk yirmi iki senesini bir b\u00fcy\u00fcme ve olgunla\u015fma roman\u0131na d\u00f6n\u00fc\u015ft\u00fcr\u00fcyor. Yazar\u0131n \u00e7ocuklu\u011fu ve ilkgen\u00e7li\u011finin hik\u00e2yesi ve aile tarihiyle \u0130stanbul&#8217;un bir imparatorluk ba\u015fkentinden 20. y\u00fczy\u0131l ba\u015flar\u0131nda y\u0131k\u0131nt\u0131larla ve h\u00fcz\u00fcnle dolu bir \u015fehre d\u00f6n\u00fc\u015fmesinin hikayesi olan \u0130stanbul &#8211; Hat\u0131ralar ve \u015eehir, yaln\u0131zca Pamuk&#8217;un bir \u0130stanbul yazar\u0131 olarak \u00fcn\u00fcn\u00fc sa\u011flamla\u015ft\u0131ran kitab\u0131 de\u011fil, ayn\u0131 zamanda t\u00fcm d\u00fcnya edebiyat\u0131nda bir \u015fehrin ruhu hakk\u0131nda yaz\u0131lm\u0131\u015f en derin kitaplardan biri.<\/p>\n<p>Pamuk \u00e7ocukluk ve gen\u00e7li\u011fini anlat\u0131yor&#8230;<\/p>\n<p>&#8220;Ruhumdaki bu k\u0131r\u0131lmay\u0131 hissediyor, yakla\u015fan yaln\u0131zl\u0131\u011f\u0131mdan tela\u015fa kap\u0131l\u0131yor, i\u00e7ine d\u00fc\u015fmekte oldu\u011fum karanl\u0131\u011f\u0131n bir hayat tarz\u0131 olmas\u0131ndan korkarak herkes gibi olmaya karar veriyordum: On yedi on sekiz ya\u015flar\u0131mda bir d\u00f6nem herkesi g\u00fcld\u00fcren, her f\u0131rsatta \u015faka yapan, herkesle arkada\u015f\u00e7a, hatta serserice iyi ge\u00e7inen bir cemaat adam\u0131 gibi g\u00f6z\u00fckmeyi ba\u015fard\u0131m&#8230; Herkesin kafay\u0131 fazla takmadan yapt\u0131\u011f\u0131 \u015feyleri yapabilmek i\u00e7in niye benim di\u015fimi s\u0131kmam, gayret etmem, sonra da poz yapt\u0131\u011f\u0131m i\u00e7in kendimden nefret etmem gerekiyordu?&#8221;<\/p>\n","protected":false},"excerpt":{"rendered":"<p>Orhan Pamuk \u0130stanbul&#8217;da, hayat\u0131n\u0131n ilk yirmi iki senesini bir b\u00fcy\u00fcme ve olgunla\u015fma roman\u0131na d\u00f6n\u00fc\u015ft\u00fcr\u00fcyor. Yazar\u0131n \u00e7ocuklu\u011fu ve ilkgen\u00e7li\u011finin hik\u00e2yesi ve aile tarihiyle \u0130stanbul&#8217;un bir imparatorluk ba\u015fkentinden 20. y\u00fczy\u0131l ba\u015flar\u0131nda y\u0131k\u0131nt\u0131larla ve h\u00fcz\u00fcnle dolu bir \u015fehre d\u00f6n\u00fc\u015fmesinin hikayesi olan \u0130stanbul &#8211; Hat\u0131ralar ve \u015eehir, yaln\u0131zca Pamuk&#8217;un bir \u0130stanbul yazar\u0131 olarak \u00fcn\u00fcn\u00fc sa\u011flamla\u015ft\u0131ran kitab\u0131 de\u011fil, ayn\u0131 zamanda t\u00fcm d\u00fcnya edebiyat\u0131nda bir \u015fehrin ruhu hakk\u0131nda yaz\u0131lm\u0131\u015f en derin kitaplardan biri.<\/p>\n<p>Pamuk \u00e7ocukluk ve gen\u00e7li\u011fini anlat\u0131yor&#8230;<\/p>\n<p>&#8220;Ruhumdaki bu k\u0131r\u0131lmay\u0131 hissediyor, yakla\u015fan yaln\u0131zl\u0131\u011f\u0131mdan tela\u015fa kap\u0131l\u0131yor, i\u00e7ine d\u00fc\u015fmekte oldu\u011fum karanl\u0131\u011f\u0131n bir hayat tarz\u0131 olmas\u0131ndan korkarak herkes gibi olmaya karar veriyordum: On yedi on sekiz ya\u015flar\u0131mda bir d\u00f6nem herkesi g\u00fcld\u00fcren, her f\u0131rsatta \u015faka yapan, herkesle arkada\u015f\u00e7a, hatta serserice iyi ge\u00e7inen bir cemaat adam\u0131 gibi g\u00f6z\u00fckmeyi ba\u015fard\u0131m&#8230; Herkesin kafay\u0131 fazla takmadan yapt\u0131\u011f\u0131 \u015feyleri yapabilmek i\u00e7in niye benim di\u015fimi s\u0131kmam, gayret etmem, sonra da poz yapt\u0131\u011f\u0131m i\u00e7in kendimden nefret etmem gerekiyordu?&#8221;<\/p>\n","protected":false},"featured_media":7032,"comment_status":"open","ping_status":"closed","template":"","meta":[],"class_list":["post-7031","product","type-product","status-publish","has-post-thumbnail","hentry","product_cat-turk-gunluk-ani"],"_links":{"self":[{"href":"http:\/\/www.ttistanbulspor.org\/index.php\/wp-json\/wp\/v2\/product\/7031","targetHints":{"allow":["GET"]}}],"collection":[{"href":"http:\/\/www.ttistanbulspor.org\/index.php\/wp-json\/wp\/v2\/product"}],"about":[{"href":"http:\/\/www.ttistanbulspor.org\/index.php\/wp-json\/wp\/v2\/types\/product"}],"replies":[{"embeddable":true,"href":"http:\/\/www.ttistanbulspor.org\/index.php\/wp-json\/wp\/v2\/comments?post=7031"}],"wp:featuredmedia":[{"embeddable":true,"href":"http:\/\/www.ttistanbulspor.org\/index.php\/wp-json\/wp\/v2\/media\/7032"}],"wp:attachment":[{"href":"http:\/\/www.ttistanbulspor.org\/index.php\/wp-json\/wp\/v2\/media?parent=7031"}],"curies":[{"name":"wp","href":"https:\/\/api.w.org\/{rel}","templated":true}]}}