{"id":7008,"date":"2019-09-18T11:23:27","date_gmt":"2019-09-18T08:23:27","guid":{"rendered":"http:\/\/www.ttistanbulspor.org\/?post_type=product&#038;p=7008"},"modified":"2019-09-18T11:23:34","modified_gmt":"2019-09-18T08:23:34","slug":"abdulhamid-son-hukumdar-2","status":"publish","type":"product","link":"http:\/\/www.ttistanbulspor.org\/index.php\/urun\/abdulhamid-son-hukumdar-2\/","title":{"rendered":"Abd\u00fclhamid Son H\u00fck\u00fcmdar"},"content":{"rendered":"<p>Tarihi romanlar\u0131yla bestseller listelerine taht kuran \u00f6d\u00fcll\u00fc yazar Okay Tiryakio\u011flu&#8217;dan \u00e7ok konu\u015fulacak, s\u00fcr\u00fckleyici bir roman daha! &#8220;Abd\u00fclhamid&#8221; ile Osmanl\u0131 tarihinin en \u00e7ok merak edilen y\u0131llar\u0131na kap\u0131 aralamaya haz\u0131r olun! Sultan II. Abd\u00fclhamid&#8217;in s\u0131rlarla dolu d\u00fcnyas\u0131na a\u00e7\u0131lan bu kap\u0131dan girdi\u011finizde kendinizi Ulu Sultan&#8217;\u0131n tart\u0131\u015fmalar yaratan politikalar\u0131 aras\u0131nda ko\u015ftururken bulacaks\u0131n\u0131z.<\/p>\n<p>Y\u0131llarca Karde\u015flik \u00d6rg\u00fct\u00fc&#8217;nde e\u011fitim alm\u0131\u015f \u00fc\u00e7 anar\u015fist yolda\u015f e\u015fli\u011finde Paris&#8217;te ba\u015flayan bu gizli ser\u00fcven, soluk solu\u011fa bir kovalamacan\u0131n ard\u0131ndan \u0130stanbul&#8217;daki suikasta uzanacak. Tam her \u015fey bitti derken kendinizi as\u0131l hik\u00e2yenin i\u00e7inde, Sultan Abd\u00fclhamid&#8217;in kar\u015f\u0131s\u0131nda bulacaks\u0131n\u0131z. \u0130\u015fte \u015fimdi akl\u0131n\u0131za tak\u0131lan sorular\u0131 sorma vaktidir: 93 Harbi&#8217;nde neler ya\u015fand\u0131? Filistin meselesi nedir? Me\u015frutiyet&#8217;e ge\u00e7i\u015f nas\u0131l cereyan etti? Meclis-i Mebusan neden da\u011f\u0131t\u0131ld\u0131? Ve 31 Mart Olay\u0131\u2026i\u015fah iadi\u015fah ile gen\u00e7 yolda\u015flar hararet i\u00e7erisinde tart\u0131\u015f\u0131rken siz de bizzat saraydaym\u0131\u015f gibi ak\u0131l oyunlar\u0131na kap\u0131lacak; dostun, d\u00fc\u015fman\u0131n, ihanetin ve sevdan\u0131n nereden \u00e7\u0131kaca\u011f\u0131 belli olmayan bu s\u00fcr\u00fckleyici romanda ba\u015frol\u00fc oynayacaks\u0131n\u0131z.<\/p>\n","protected":false},"excerpt":{"rendered":"<p>Tarihi romanlar\u0131yla bestseller listelerine taht kuran \u00f6d\u00fcll\u00fc yazar Okay Tiryakio\u011flu&#8217;dan \u00e7ok konu\u015fulacak, s\u00fcr\u00fckleyici bir roman daha! &#8220;Abd\u00fclhamid&#8221; ile Osmanl\u0131 tarihinin en \u00e7ok merak edilen y\u0131llar\u0131na kap\u0131 aralamaya haz\u0131r olun! Sultan II. Abd\u00fclhamid&#8217;in s\u0131rlarla dolu d\u00fcnyas\u0131na a\u00e7\u0131lan bu kap\u0131dan girdi\u011finizde kendinizi Ulu Sultan&#8217;\u0131n tart\u0131\u015fmalar yaratan politikalar\u0131 aras\u0131nda ko\u015ftururken bulacaks\u0131n\u0131z.<\/p>\n<p>Y\u0131llarca Karde\u015flik \u00d6rg\u00fct\u00fc&#8217;nde e\u011fitim alm\u0131\u015f \u00fc\u00e7 anar\u015fist yolda\u015f e\u015fli\u011finde Paris&#8217;te ba\u015flayan bu gizli ser\u00fcven, soluk solu\u011fa bir kovalamacan\u0131n ard\u0131ndan \u0130stanbul&#8217;daki suikasta uzanacak. Tam her \u015fey bitti derken kendinizi as\u0131l hik\u00e2yenin i\u00e7inde, Sultan Abd\u00fclhamid&#8217;in kar\u015f\u0131s\u0131nda bulacaks\u0131n\u0131z. \u0130\u015fte \u015fimdi akl\u0131n\u0131za tak\u0131lan sorular\u0131 sorma vaktidir: 93 Harbi&#8217;nde neler ya\u015fand\u0131? Filistin meselesi nedir? Me\u015frutiyet&#8217;e ge\u00e7i\u015f nas\u0131l cereyan etti? Meclis-i Mebusan neden da\u011f\u0131t\u0131ld\u0131? Ve 31 Mart Olay\u0131\u2026i\u015fah iadi\u015fah ile gen\u00e7 yolda\u015flar hararet i\u00e7erisinde tart\u0131\u015f\u0131rken siz de bizzat saraydaym\u0131\u015f gibi ak\u0131l oyunlar\u0131na kap\u0131lacak; dostun, d\u00fc\u015fman\u0131n, ihanetin ve sevdan\u0131n nereden \u00e7\u0131kaca\u011f\u0131 belli olmayan bu s\u00fcr\u00fckleyici romanda ba\u015frol\u00fc oynayacaks\u0131n\u0131z.<\/p>\n","protected":false},"featured_media":7009,"comment_status":"open","ping_status":"closed","template":"","meta":[],"class_list":["post-7008","product","type-product","status-publish","has-post-thumbnail","hentry","product_cat-romanhikaye"],"_links":{"self":[{"href":"http:\/\/www.ttistanbulspor.org\/index.php\/wp-json\/wp\/v2\/product\/7008","targetHints":{"allow":["GET"]}}],"collection":[{"href":"http:\/\/www.ttistanbulspor.org\/index.php\/wp-json\/wp\/v2\/product"}],"about":[{"href":"http:\/\/www.ttistanbulspor.org\/index.php\/wp-json\/wp\/v2\/types\/product"}],"replies":[{"embeddable":true,"href":"http:\/\/www.ttistanbulspor.org\/index.php\/wp-json\/wp\/v2\/comments?post=7008"}],"wp:featuredmedia":[{"embeddable":true,"href":"http:\/\/www.ttistanbulspor.org\/index.php\/wp-json\/wp\/v2\/media\/7009"}],"wp:attachment":[{"href":"http:\/\/www.ttistanbulspor.org\/index.php\/wp-json\/wp\/v2\/media?parent=7008"}],"curies":[{"name":"wp","href":"https:\/\/api.w.org\/{rel}","templated":true}]}}