{"id":6994,"date":"2019-09-18T10:32:41","date_gmt":"2019-09-18T07:32:41","guid":{"rendered":"http:\/\/www.ttistanbulspor.org\/?post_type=product&#038;p=6994"},"modified":"2019-09-18T10:32:58","modified_gmt":"2019-09-18T07:32:58","slug":"aeden-bir-dunya-hikayesi-2","status":"publish","type":"product","link":"http:\/\/www.ttistanbulspor.org\/index.php\/urun\/aeden-bir-dunya-hikayesi-2\/","title":{"rendered":"Aeden Bir D\u00fcnya Hikayesi"},"content":{"rendered":"<p>GER\u00c7E\u011e\u0130N MASALIDIR AEDEN<\/p>\n<p>Geri d\u00f6nm\u00fcyorlard\u0131!\u00a0 Art\u0131k niye D\u00fcnya\u2019da olduklar\u0131n\u0131 biliyorlard\u0131.<\/p>\n<p>Ya\u015fam enerjisinin bu \u015fekilde ya\u011fmalanmas\u0131na izin vermeyeceklerdi, ne pahas\u0131na olursa olsun ona sahip \u00e7\u0131kacaklard\u0131. Evrende hata yoktu, tesad\u00fcf yoktu! Nihayet anlam\u0131\u015flard\u0131. \u0130nsan do\u011fulmaz, insan olunurdu.<\/p>\n<p>Masalla ger\u00e7e\u011fi ay\u0131rt edebilecek okurlara\u2026<\/p>\n<p>&nbsp;<\/p>\n","protected":false},"excerpt":{"rendered":"<p>GER\u00c7E\u011e\u0130N MASALIDIR AEDEN<\/p>\n<p>Geri d\u00f6nm\u00fcyorlard\u0131!\u00a0 Art\u0131k niye D\u00fcnya\u2019da olduklar\u0131n\u0131 biliyorlard\u0131.<\/p>\n<p>Ya\u015fam enerjisinin bu \u015fekilde ya\u011fmalanmas\u0131na izin vermeyeceklerdi, ne pahas\u0131na olursa olsun ona sahip \u00e7\u0131kacaklard\u0131. Evrende hata yoktu, tesad\u00fcf yoktu! Nihayet anlam\u0131\u015flard\u0131. \u0130nsan do\u011fulmaz, insan olunurdu.<\/p>\n<p>Masalla ger\u00e7e\u011fi ay\u0131rt edebilecek okurlara\u2026<\/p>\n<p>&nbsp;<\/p>\n","protected":false},"featured_media":6995,"comment_status":"open","ping_status":"closed","template":"","meta":[],"class_list":["post-6994","product","type-product","status-publish","has-post-thumbnail","hentry","product_cat-romanhikaye"],"_links":{"self":[{"href":"http:\/\/www.ttistanbulspor.org\/index.php\/wp-json\/wp\/v2\/product\/6994","targetHints":{"allow":["GET"]}}],"collection":[{"href":"http:\/\/www.ttistanbulspor.org\/index.php\/wp-json\/wp\/v2\/product"}],"about":[{"href":"http:\/\/www.ttistanbulspor.org\/index.php\/wp-json\/wp\/v2\/types\/product"}],"replies":[{"embeddable":true,"href":"http:\/\/www.ttistanbulspor.org\/index.php\/wp-json\/wp\/v2\/comments?post=6994"}],"wp:featuredmedia":[{"embeddable":true,"href":"http:\/\/www.ttistanbulspor.org\/index.php\/wp-json\/wp\/v2\/media\/6995"}],"wp:attachment":[{"href":"http:\/\/www.ttistanbulspor.org\/index.php\/wp-json\/wp\/v2\/media?parent=6994"}],"curies":[{"name":"wp","href":"https:\/\/api.w.org\/{rel}","templated":true}]}}