{"id":6990,"date":"2019-09-18T10:17:11","date_gmt":"2019-09-18T07:17:11","guid":{"rendered":"http:\/\/www.ttistanbulspor.org\/?post_type=product&#038;p=6990"},"modified":"2019-09-18T10:19:21","modified_gmt":"2019-09-18T07:19:21","slug":"kongoya-agit-2","status":"publish","type":"product","link":"http:\/\/www.ttistanbulspor.org\/index.php\/urun\/kongoya-agit-2\/","title":{"rendered":"Kongo\u2019ya A\u011f\u0131t"},"content":{"rendered":"<p><strong>Jean-Christophe Grange, Kongo&#8217;ya A\u011f\u0131t ile Lontano&#8217;yu s\u00fcrd\u00fcr\u00fcyor!<\/strong><\/p>\n<p>B\u00fct\u00fcn yollar cehenneme \u00e7\u0131k\u0131yor\u2026<\/p>\n<p>Afrika\u2019da, Floransa\u2019da, Paris\u2019te\u2026<\/p>\n<p>D\u00fc\u015fman ayn\u0131: \u00c7ivi Adam!<\/p>\n<p>\u0130blisle son d\u00fcello ba\u015fl\u0131yor!..<\/p>\n","protected":false},"excerpt":{"rendered":"<p><strong>Jean-Christophe Grange, Kongo&#8217;ya A\u011f\u0131t ile Lontano&#8217;yu s\u00fcrd\u00fcr\u00fcyor!<\/strong><\/p>\n<p>B\u00fct\u00fcn yollar cehenneme \u00e7\u0131k\u0131yor\u2026<\/p>\n<p>Afrika\u2019da, Floransa\u2019da, Paris\u2019te\u2026<\/p>\n<p>D\u00fc\u015fman ayn\u0131: \u00c7ivi Adam!<\/p>\n<p>\u0130blisle son d\u00fcello ba\u015fl\u0131yor!..<\/p>\n","protected":false},"featured_media":6991,"comment_status":"open","ping_status":"closed","template":"","meta":[],"class_list":["post-6990","product","type-product","status-publish","has-post-thumbnail","hentry","product_cat-genel","product_cat-korku-gerilim"],"_links":{"self":[{"href":"http:\/\/www.ttistanbulspor.org\/index.php\/wp-json\/wp\/v2\/product\/6990","targetHints":{"allow":["GET"]}}],"collection":[{"href":"http:\/\/www.ttistanbulspor.org\/index.php\/wp-json\/wp\/v2\/product"}],"about":[{"href":"http:\/\/www.ttistanbulspor.org\/index.php\/wp-json\/wp\/v2\/types\/product"}],"replies":[{"embeddable":true,"href":"http:\/\/www.ttistanbulspor.org\/index.php\/wp-json\/wp\/v2\/comments?post=6990"}],"wp:featuredmedia":[{"embeddable":true,"href":"http:\/\/www.ttistanbulspor.org\/index.php\/wp-json\/wp\/v2\/media\/6991"}],"wp:attachment":[{"href":"http:\/\/www.ttistanbulspor.org\/index.php\/wp-json\/wp\/v2\/media?parent=6990"}],"curies":[{"name":"wp","href":"https:\/\/api.w.org\/{rel}","templated":true}]}}