{"id":3446,"date":"2018-04-19T10:40:33","date_gmt":"2018-04-19T07:40:33","guid":{"rendered":"http:\/\/www.ttistanbulspor.org\/?post_type=product&#038;p=3446"},"modified":"2018-04-19T10:40:33","modified_gmt":"2018-04-19T07:40:33","slug":"efrasiyabin-hikayeleri","status":"publish","type":"product","link":"http:\/\/www.ttistanbulspor.org\/index.php\/urun\/efrasiyabin-hikayeleri\/","title":{"rendered":"Efrasiyab&#8217;\u0131n Hikayeleri"},"content":{"rendered":"<p>\u00c7ok uzak zamanlarda de\u011fil, g\u00fcn\u00fcm\u00fcz\u00fcn otuz, bilemediniz elli y\u0131l \u00f6ncesinde, \u00fcstelik hep &#8220;\u00fclkemizde&#8221; ge\u00e7iyor Efr\u00e2siy\u00e2b&#8217;\u0131n Hik\u00e2yeleri. Ancak&#8230; Sanki o zamanlardan ve o mek\u00e2nlardan de\u011fil de, ba\u015fka zaman ve mek\u00e2nlardan, hatta ba\u015fka dillerden a\u015fina oldu\u011fumuz hik\u00e2yeler&#8230; Yani, Puslu K\u0131talar Atlas\u0131&#8217;n\u0131 ve Kitab-\u00fcl Hiyel&#8217;i okumu\u015f olanlar\u0131n tahmin edebilecekleri gibi, \u00fczerine s\u00f6z s\u00f6ylemesi zor, &#8220;i\u00e7ine dalmas\u0131&#8221; keyif verici kitaplardan: Estetik&#8217;le oyun&#8217;un, mizah&#8217;la felsefe&#8217;nin bir edeb\u00ee bulu\u015fmas\u0131&#8230;<\/p>\n","protected":false},"excerpt":{"rendered":"<p>\u00c7ok uzak zamanlarda de\u011fil, g\u00fcn\u00fcm\u00fcz\u00fcn otuz, bilemediniz elli y\u0131l \u00f6ncesinde, \u00fcstelik hep &#8220;\u00fclkemizde&#8221; ge\u00e7iyor Efr\u00e2siy\u00e2b&#8217;\u0131n [&#8230;]<\/p>\n","protected":false},"featured_media":0,"comment_status":"open","ping_status":"closed","template":"","meta":[],"class_list":["post-3446","product","type-product","status-publish","hentry","product_cat-genel"],"_links":{"self":[{"href":"http:\/\/www.ttistanbulspor.org\/index.php\/wp-json\/wp\/v2\/product\/3446","targetHints":{"allow":["GET"]}}],"collection":[{"href":"http:\/\/www.ttistanbulspor.org\/index.php\/wp-json\/wp\/v2\/product"}],"about":[{"href":"http:\/\/www.ttistanbulspor.org\/index.php\/wp-json\/wp\/v2\/types\/product"}],"replies":[{"embeddable":true,"href":"http:\/\/www.ttistanbulspor.org\/index.php\/wp-json\/wp\/v2\/comments?post=3446"}],"wp:attachment":[{"href":"http:\/\/www.ttistanbulspor.org\/index.php\/wp-json\/wp\/v2\/media?parent=3446"}],"curies":[{"name":"wp","href":"https:\/\/api.w.org\/{rel}","templated":true}]}}