{"id":3339,"date":"2018-04-13T08:25:56","date_gmt":"2018-04-13T05:25:56","guid":{"rendered":"http:\/\/www.ttistanbulspor.org\/?post_type=product&#038;p=3339"},"modified":"2018-04-13T08:25:56","modified_gmt":"2018-04-13T05:25:56","slug":"kumarbaz","status":"publish","type":"product","link":"http:\/\/www.ttistanbulspor.org\/index.php\/urun\/kumarbaz\/","title":{"rendered":"Kumarbaz"},"content":{"rendered":"<p>Dostoyevski&#8217;nin ironiyi ve groteski harmanlayarak yaratt\u0131\u011f\u0131 \u00f6zg\u00fcn kara mizah\u0131n en ba\u015far\u0131l\u0131 \u00f6rneklerinden olan Kumarbaz, d\u00fcnyan\u0131n her yerinden Roulettenburg adl\u0131 kurmaca bir Alman kasabas\u0131nda bir araya gelen kumar m\u00fcdavimlerinin hik\u00e2yesi. Yazar\u0131n kendi kumar borcunu \u00f6demek i\u00e7in bir ay gibi k\u0131sa bir s\u00fcrede tamamlad\u0131\u011f\u0131 bu romanda, kendisinden ilhamla yaratt\u0131\u011f\u0131 ba\u015fkahraman\u0131 Aleksey \u0130vanovi\u00e7, karamsarl\u0131k ve co\u015fkunun gerilim hatt\u0131nda gidip gelir. Dostoyevski, gen\u00e7 adam\u0131n ba\u015far\u0131s\u0131z ili\u015fkileri ve kumara olan d\u00fc\u015fk\u00fcnl\u00fc\u011f\u00fcyle harcanan hayat\u0131n\u0131 anlat\u0131rken, onda nesnele\u015ftirdi\u011fi al\u0131nyaz\u0131s\u0131 ve \u00f6zg\u00fcrl\u00fck ikilemini inceler. &#8220;Dostoyevski, H\u0131ristiyanl\u0131k \u015fefkatini, bedenin ve ruhun asaletine adamak yerine insan \u0131st\u0131rab\u0131na, g\u00fcnahk\u00e2rl\u0131\u011f\u0131na ve d\u00fc\u015fk\u00fcnl\u00fc\u011f\u00fcne, arzunun ve su\u00e7un derin k\u00f6\u015felerine y\u00f6neltmi\u015ftir.&#8221;<\/p>\n","protected":false},"excerpt":{"rendered":"<p>Dostoyevski&#8217;nin ironiyi ve groteski harmanlayarak yaratt\u0131\u011f\u0131 \u00f6zg\u00fcn kara mizah\u0131n en ba\u015far\u0131l\u0131 \u00f6rneklerinden olan Kumarbaz, d\u00fcnyan\u0131n [&#8230;]<\/p>\n","protected":false},"featured_media":0,"comment_status":"open","ping_status":"closed","template":"","meta":[],"class_list":["post-3339","product","type-product","status-publish","hentry","product_cat-genel"],"_links":{"self":[{"href":"http:\/\/www.ttistanbulspor.org\/index.php\/wp-json\/wp\/v2\/product\/3339","targetHints":{"allow":["GET"]}}],"collection":[{"href":"http:\/\/www.ttistanbulspor.org\/index.php\/wp-json\/wp\/v2\/product"}],"about":[{"href":"http:\/\/www.ttistanbulspor.org\/index.php\/wp-json\/wp\/v2\/types\/product"}],"replies":[{"embeddable":true,"href":"http:\/\/www.ttistanbulspor.org\/index.php\/wp-json\/wp\/v2\/comments?post=3339"}],"wp:attachment":[{"href":"http:\/\/www.ttistanbulspor.org\/index.php\/wp-json\/wp\/v2\/media?parent=3339"}],"curies":[{"name":"wp","href":"https:\/\/api.w.org\/{rel}","templated":true}]}}