{"id":3338,"date":"2018-04-13T08:10:28","date_gmt":"2018-04-13T05:10:28","guid":{"rendered":"http:\/\/www.ttistanbulspor.org\/?post_type=product&#038;p=3338"},"modified":"2018-04-13T08:10:28","modified_gmt":"2018-04-13T05:10:28","slug":"semerkant","status":"publish","type":"product","link":"http:\/\/www.ttistanbulspor.org\/index.php\/urun\/semerkant\/","title":{"rendered":"Semerkant"},"content":{"rendered":"<p>&#8220;Titanic&#8217;te Rubaiyat! Do\u011fu&#8217;nun \u00e7i\u00e7e\u011fi Bat\u0131&#8217;n\u0131n \u00e7i\u00e7ekli\u011finde! Ey Hayyam! Ya\u015fad\u0131\u011f\u0131m\u0131z \u015fu g\u00fczel an\u0131 g\u00f6rebilseydim!&#8221; Amin Maalouf, &#8220;Afrikal\u0131 Leo&#8221;dan (YKY, 1993) sonra bu kez Do\u011fu&#8217;ya, \u0130ran&#8217;a bak\u0131yor. \u00d6mer Hayyam&#8217;\u0131n Rubaiyat&#8217;\u0131n\u0131n \u00e7evresinde d\u00f6nen i\u00e7i\u00e7e iki \u00f6yk\u00fc&#8230; 1072 y\u0131l\u0131nda, Hayyam&#8217;\u0131n Semerkant&#8217;\u0131nda ba\u015flayan ve 1912&#8217;de Atlantik&#8217;te bit(mey)en bir ser\u00fcven&#8230; Bir elyazmas\u0131n\u0131n yaz\u0131l\u0131\u015f\u0131n\u0131n ve y\u00fczlerce y\u0131l sonra okunurken onun ve \u0130ran&#8217;\u0131n tarihinin de okunu\u015funun \u00f6yk\u00fcs\u00fc \/ tarihi&#8230;<\/p>\n","protected":false},"excerpt":{"rendered":"<p>&#8220;Titanic&#8217;te Rubaiyat! Do\u011fu&#8217;nun \u00e7i\u00e7e\u011fi Bat\u0131&#8217;n\u0131n \u00e7i\u00e7ekli\u011finde! Ey Hayyam! Ya\u015fad\u0131\u011f\u0131m\u0131z \u015fu g\u00fczel an\u0131 g\u00f6rebilseydim!&#8221; Amin Maalouf, [&#8230;]<\/p>\n","protected":false},"featured_media":0,"comment_status":"open","ping_status":"closed","template":"","meta":[],"class_list":["post-3338","product","type-product","status-publish","hentry","product_cat-genel","product_cat-edebiyat"],"_links":{"self":[{"href":"http:\/\/www.ttistanbulspor.org\/index.php\/wp-json\/wp\/v2\/product\/3338","targetHints":{"allow":["GET"]}}],"collection":[{"href":"http:\/\/www.ttistanbulspor.org\/index.php\/wp-json\/wp\/v2\/product"}],"about":[{"href":"http:\/\/www.ttistanbulspor.org\/index.php\/wp-json\/wp\/v2\/types\/product"}],"replies":[{"embeddable":true,"href":"http:\/\/www.ttistanbulspor.org\/index.php\/wp-json\/wp\/v2\/comments?post=3338"}],"wp:attachment":[{"href":"http:\/\/www.ttistanbulspor.org\/index.php\/wp-json\/wp\/v2\/media?parent=3338"}],"curies":[{"name":"wp","href":"https:\/\/api.w.org\/{rel}","templated":true}]}}