{"id":3337,"date":"2018-04-13T08:08:16","date_gmt":"2018-04-13T05:08:16","guid":{"rendered":"http:\/\/www.ttistanbulspor.org\/?post_type=product&#038;p=3337"},"modified":"2018-04-13T08:08:16","modified_gmt":"2018-04-13T05:08:16","slug":"yeraltindan-notlar","status":"publish","type":"product","link":"http:\/\/www.ttistanbulspor.org\/index.php\/urun\/yeraltindan-notlar\/","title":{"rendered":"Yeralt\u0131ndan Notlar"},"content":{"rendered":"<p>&#8220;\u0130nsan olmak, ger\u00e7ek insan, etiyle kemi\u011fiyle insan olmak bile a\u011f\u0131r gelir bize. Utan\u0131r\u0131z bundan, insan olmay\u0131 y\u00fczkaras\u0131 sayar\u0131z, benzeri olmayan toplumsal birtak\u0131m insanlar olmak i\u00e7in \u00e7abalar\u0131z. \u00d6l\u00fc do\u011fmu\u015f insanlar\u0131z biz ve uzun zamand\u0131r canl\u0131 babalar\u0131n \u00e7ocuklar\u0131 de\u011filiz, giderek daha \u00e7ok ho\u015flan\u0131yoruz b\u00f6yle do\u011fmu\u015f olmaktan. Zevk duyuyoruz bundan. \u00c7ok yak\u0131n bir gelecekte bir \u015fekilde d\u00fc\u015f\u00fcncelerden do\u011fman\u0131n yolunu bulaca\u011f\u0131z.&#8221;<\/p>\n<p>Dostoyevski&#8217;nin Gogol etkisinden kurtularak kendi sesiyle verdi\u011fi ilk b\u00fcy\u00fck yap\u0131t olan Yeralt\u0131ndan Notlar, Avrupa&#8217;daki b\u00fcy\u00fck varolu\u015f\u00e7u edebiyat\u0131 m\u00fcjdeleyen bir roman. Kitap, okuruna &#8220;yeralt\u0131&#8221; diye adland\u0131rd\u0131\u011f\u0131 bir ruh halinden seslenen kahraman\u0131n uzun, \u00e7\u0131lg\u0131nca s\u00f6yleviyle ba\u015fl\u0131yor. Ard\u0131ndan, bu ahlak\u00e7\u0131, uyumsuz, d\u00fcr\u00fcst ki\u015finin ya\u015fad\u0131\u011f\u0131 bir a\u015fa\u011f\u0131lanma olay\u0131 anlat\u0131l\u0131yor. Y\u00fcz elli y\u0131ld\u0131r okunan ger\u00e7ek bir ba\u015fyap\u0131t.<\/p>\n","protected":false},"excerpt":{"rendered":"<p>&#8220;\u0130nsan olmak, ger\u00e7ek insan, etiyle kemi\u011fiyle insan olmak bile a\u011f\u0131r gelir bize. Utan\u0131r\u0131z bundan, insan [&#8230;]<\/p>\n","protected":false},"featured_media":0,"comment_status":"open","ping_status":"closed","template":"","meta":[],"class_list":["post-3337","product","type-product","status-publish","hentry","product_cat-romanhikaye"],"_links":{"self":[{"href":"http:\/\/www.ttistanbulspor.org\/index.php\/wp-json\/wp\/v2\/product\/3337","targetHints":{"allow":["GET"]}}],"collection":[{"href":"http:\/\/www.ttistanbulspor.org\/index.php\/wp-json\/wp\/v2\/product"}],"about":[{"href":"http:\/\/www.ttistanbulspor.org\/index.php\/wp-json\/wp\/v2\/types\/product"}],"replies":[{"embeddable":true,"href":"http:\/\/www.ttistanbulspor.org\/index.php\/wp-json\/wp\/v2\/comments?post=3337"}],"wp:attachment":[{"href":"http:\/\/www.ttistanbulspor.org\/index.php\/wp-json\/wp\/v2\/media?parent=3337"}],"curies":[{"name":"wp","href":"https:\/\/api.w.org\/{rel}","templated":true}]}}