{"id":3318,"date":"2018-04-12T10:24:15","date_gmt":"2018-04-12T07:24:15","guid":{"rendered":"http:\/\/www.ttistanbulspor.org\/?post_type=product&#038;p=3318"},"modified":"2018-04-12T10:24:15","modified_gmt":"2018-04-12T07:24:15","slug":"nietzsche-agladiginda","status":"publish","type":"product","link":"http:\/\/www.ttistanbulspor.org\/index.php\/urun\/nietzsche-agladiginda\/","title":{"rendered":"Nietzsche A\u011flad\u0131\u011f\u0131nda"},"content":{"rendered":"<p>Yo\u011fun ve s\u00fcr\u00fckleyici olan yeni bir d\u00fc\u015f\u00fcnce roman\u0131 sunuyoruz: Nietzsche A\u011flad\u0131\u011f\u0131nda. Edebiyatla da d\u00fc\u015f\u00fcn\u00fclebilece\u011fini g\u00f6steren m\u00fcthi\u015f bir \u00f6rnek&#8230;<\/p>\n<p>Sahne Psikanalizin do\u011fumu arifesindeki 19. y\u00fczy\u0131l Viyana\u2019s\u0131. Entelekt\u00fcel ortamlar. Hava so\u011fuk.<\/p>\n<p>Akt\u00f6rler Nietzsche: Hen\u00fcz iki kitab\u0131 yay\u0131mlanm\u0131\u015f, kimsenin tan\u0131mad\u0131\u011f\u0131 bir filozof. Yaln\u0131zl\u0131\u011f\u0131 se\u00e7mi\u015f. Ac\u0131lar\u0131yla bar\u0131\u015fm\u0131\u015f. \u0130haneti tatm\u0131\u015f. Tek sahip oldu\u011fu \u015fey, valizi ve kafas\u0131nda tasarlad\u0131\u011f\u0131 kitaplar. Kar\u0131s\u0131, toplumsal g\u00f6revleri ve vatan\u0131 yok. \u0130nzivay\u0131 seviyor. Tanr\u0131\u2019y\u0131 \u00f6ld\u00fcrm\u00fc\u015f. \u201c\u00dcmit k\u00f6t\u00fcl\u00fcklerin en k\u00f6t\u00fcs\u00fcd\u00fcr \u00e7\u00fcnk\u00fc i\u015fkenceyi uzat\u0131r\u201d diyor. Daha sonra, \u201cKendi alevlerinizde yanmaya haz\u0131r olmal\u0131s\u0131n\u0131z: \u00d6nce k\u00fcl olmadan kendinizi nas\u0131l yenileyebilirsiniz?\u201d diyecek.<\/p>\n","protected":false},"excerpt":{"rendered":"<p>Yo\u011fun ve s\u00fcr\u00fckleyici olan yeni bir d\u00fc\u015f\u00fcnce roman\u0131 sunuyoruz: Nietzsche A\u011flad\u0131\u011f\u0131nda. Edebiyatla da d\u00fc\u015f\u00fcn\u00fclebilece\u011fini g\u00f6steren [&#8230;]<\/p>\n","protected":false},"featured_media":0,"comment_status":"open","ping_status":"closed","template":"","meta":[],"class_list":["post-3318","product","type-product","status-publish","hentry","product_cat-genel"],"_links":{"self":[{"href":"http:\/\/www.ttistanbulspor.org\/index.php\/wp-json\/wp\/v2\/product\/3318","targetHints":{"allow":["GET"]}}],"collection":[{"href":"http:\/\/www.ttistanbulspor.org\/index.php\/wp-json\/wp\/v2\/product"}],"about":[{"href":"http:\/\/www.ttistanbulspor.org\/index.php\/wp-json\/wp\/v2\/types\/product"}],"replies":[{"embeddable":true,"href":"http:\/\/www.ttistanbulspor.org\/index.php\/wp-json\/wp\/v2\/comments?post=3318"}],"wp:attachment":[{"href":"http:\/\/www.ttistanbulspor.org\/index.php\/wp-json\/wp\/v2\/media?parent=3318"}],"curies":[{"name":"wp","href":"https:\/\/api.w.org\/{rel}","templated":true}]}}