{"id":3316,"date":"2018-04-12T10:06:54","date_gmt":"2018-04-12T07:06:54","guid":{"rendered":"http:\/\/www.ttistanbulspor.org\/?post_type=product&#038;p=3316"},"modified":"2018-04-12T10:06:54","modified_gmt":"2018-04-12T07:06:54","slug":"istanbul-hatiralar-ve-sehir","status":"publish","type":"product","link":"http:\/\/www.ttistanbulspor.org\/index.php\/urun\/istanbul-hatiralar-ve-sehir\/","title":{"rendered":"\u0130stanbul &#8211; Hat\u0131ralar ve \u015eehir"},"content":{"rendered":"<p>Orhan Pamuk \u0130stanbul&#8217;da, hayat\u0131n\u0131n ilk yirmi iki senesini bir b\u00fcy\u00fcme ve olgunla\u015fma roman\u0131na d\u00f6n\u00fc\u015ft\u00fcr\u00fcyor. Yazar\u0131n \u00e7ocuklu\u011fu ve ilkgen\u00e7li\u011finin hik\u00e2yesi ve aile tarihiyle \u0130stanbul&#8217;un bir imparatorluk ba\u015fkentinden 20. y\u00fczy\u0131l ba\u015flar\u0131nda y\u0131k\u0131nt\u0131larla ve h\u00fcz\u00fcnle dolu bir \u015fehre d\u00f6n\u00fc\u015fmesinin hikayesi olan \u0130stanbul &#8211; Hat\u0131ralar ve \u015eehir, yaln\u0131zca Pamuk&#8217;un bir \u0130stanbul yazar\u0131 olarak \u00fcn\u00fcn\u00fc sa\u011flamla\u015ft\u0131ran kitab\u0131 de\u011fil, ayn\u0131 zamanda t\u00fcm d\u00fcnya edebiyat\u0131nda bir \u015fehrin ruhu hakk\u0131nda yaz\u0131lm\u0131\u015f en derin kitaplardan biri.<\/p>\n<p>Pamuk \u00e7ocukluk ve gen\u00e7li\u011fini anlat\u0131yor&#8230;<\/p>\n<p>&#8220;Ruhumdaki bu k\u0131r\u0131lmay\u0131 hissediyor, yakla\u015fan yaln\u0131zl\u0131\u011f\u0131mdan tela\u015fa kap\u0131l\u0131yor, i\u00e7ine d\u00fc\u015fmekte oldu\u011fum karanl\u0131\u011f\u0131n bir hayat tarz\u0131 olmas\u0131ndan korkarak herkes gibi olmaya karar veriyordum: On yedi on sekiz ya\u015flar\u0131mda bir d\u00f6nem herkesi g\u00fcld\u00fcren, her f\u0131rsatta \u015faka yapan, herkesle arkada\u015f\u00e7a, hatta serserice iyi ge\u00e7inen bir cemaat adam\u0131 gibi g\u00f6z\u00fckmeyi ba\u015fard\u0131m&#8230; Herkesin kafay\u0131 fazla takmadan yapt\u0131\u011f\u0131 \u015feyleri yapabilmek i\u00e7in niye benim di\u015fimi s\u0131kmam, gayret etmem, sonra da poz yapt\u0131\u011f\u0131m i\u00e7in kendimden nefret etmem gerekiyordu?&#8221;<\/p>\n<p>Yazar\u0131n kendini &#8220;ben&#8221; olarak ilk hissedi\u015finden, annesine, babas\u0131na, ailesine y\u00f6nelen hik\u00e2ye, bir h\u00fcz\u00fcn ve mutluluk kayna\u011f\u0131 olarak \u0130stanbul sokaklar\u0131na a\u00e7\u0131l\u0131yor. G\u00fcn\u00fcm\u00fcz\u00fcn b\u00fcy\u00fck romanc\u0131s\u0131n\u0131n g\u00f6z\u00fcnden 1950&#8217;lerin \u0130stanbul sokaklar\u0131n\u0131, parke ta\u015f\u0131 kapl\u0131 caddeleri, yan\u0131p y\u0131k\u0131lan ah\u015fap konaklar\u0131, eski bir k\u00fclt\u00fcr\u00fcn yok olu\u015fuyla, onun k\u00fclleri ve y\u0131k\u0131nt\u0131lar\u0131 aras\u0131ndan bir yenisinin do\u011fu\u015funun zorluklar\u0131n\u0131 ke\u015ffederken Pamuk&#8217;un ruhsal d\u00fcnyas\u0131n\u0131n olu\u015fumunu da bir dedektif roman\u0131 okur gibi, h\u0131zla izliyoruz&#8230; Bu \u00f6zg\u00fcn ve benzersiz eserde, okurken elden b\u0131rakamad\u0131\u011f\u0131m\u0131z kitaplara has o ruh ve duygu birli\u011fi var.<br \/>\nOrhan Pamuk&#8217;un, Ara G\u00fcler ba\u015fta olmak \u00fczere \u0130stanbul&#8217;un b\u00fcy\u00fck foto\u011fraf\u00e7\u0131lar\u0131n\u0131n \u00e7ekti\u011fi on binlerce kareden ve kendi ki\u015fisel alb\u00fcm\u00fcnden se\u00e7ti\u011fi foto\u011fraflar hik\u00e2yeye e\u015flik ediyor.<\/p>\n","protected":false},"excerpt":{"rendered":"<p>Orhan Pamuk \u0130stanbul&#8217;da, hayat\u0131n\u0131n ilk yirmi iki senesini bir b\u00fcy\u00fcme ve olgunla\u015fma roman\u0131na d\u00f6n\u00fc\u015ft\u00fcr\u00fcyor. Yazar\u0131n [&#8230;]<\/p>\n","protected":false},"featured_media":0,"comment_status":"open","ping_status":"closed","template":"","meta":[],"class_list":["post-3316","product","type-product","status-publish","hentry","product_cat-genel"],"_links":{"self":[{"href":"http:\/\/www.ttistanbulspor.org\/index.php\/wp-json\/wp\/v2\/product\/3316","targetHints":{"allow":["GET"]}}],"collection":[{"href":"http:\/\/www.ttistanbulspor.org\/index.php\/wp-json\/wp\/v2\/product"}],"about":[{"href":"http:\/\/www.ttistanbulspor.org\/index.php\/wp-json\/wp\/v2\/types\/product"}],"replies":[{"embeddable":true,"href":"http:\/\/www.ttistanbulspor.org\/index.php\/wp-json\/wp\/v2\/comments?post=3316"}],"wp:attachment":[{"href":"http:\/\/www.ttistanbulspor.org\/index.php\/wp-json\/wp\/v2\/media?parent=3316"}],"curies":[{"name":"wp","href":"https:\/\/api.w.org\/{rel}","templated":true}]}}