{"id":3313,"date":"2018-04-12T09:39:56","date_gmt":"2018-04-12T06:39:56","guid":{"rendered":"http:\/\/www.ttistanbulspor.org\/?post_type=product&#038;p=3313"},"modified":"2018-04-12T09:39:56","modified_gmt":"2018-04-12T06:39:56","slug":"kuslar-yasina-gider","status":"publish","type":"product","link":"http:\/\/www.ttistanbulspor.org\/index.php\/urun\/kuslar-yasina-gider\/","title":{"rendered":"Ku\u015flar Yas\u0131na Gider"},"content":{"rendered":"<p>Kadir\u015finas otlar\u0131n\u0131n m\u0131r\u0131lt\u0131s\u0131n\u0131, of dememenin ilmini, eldeyken k\u0131ymetini bilmenin erdemini, \u00f6m\u00fcrden giden g\u00fcnlerin sabr\u0131n\u0131 okuduk\u00e7a zihnimiz, g\u00f6nl\u00fcm\u00fcz havalan\u0131yor.<\/p>\n<p>&#8220;Babalar, al\u0131nlar\u0131m\u0131za yaz\u0131lm\u0131\u015f yaln\u0131zl\u0131klard\u0131r&#8221; s\u00f6z\u00fc yank\u0131lan\u0131yor kulaklar\u0131m\u0131zda.<\/p>\n<p>Ku\u015flar Yas\u0131na Gider; atlar\u0131n ko\u015fmas\u0131 kadar do\u011fal, kaleme i\u00e7 \u00e7ektirecek kadar merhametli bir roman.<\/p>\n<p>&#8220;Topta\u015f&#8217;a yazarl\u0131k \u00e2deta bah\u015fedilmi\u015ftir.&#8221;<br \/>\n-ANDREW RIEMER, Sydney Morning Herald-<\/p>\n<p>&#8220;Zaten o y\u0131llarda burnumuzun ucunda gezinen bir mazot kokusuydu babam, kula\u011f\u0131m\u0131zda \u00e7\u0131nlayan uzak bir motor sesiydi ve az evvel dedi\u011fim gibi, gitti mi gelmek bilmezdi bir t\u00fcrl\u00fc.&#8221;<\/p>\n","protected":false},"excerpt":{"rendered":"<p>Kadir\u015finas otlar\u0131n\u0131n m\u0131r\u0131lt\u0131s\u0131n\u0131, of dememenin ilmini, eldeyken k\u0131ymetini bilmenin erdemini, \u00f6m\u00fcrden giden g\u00fcnlerin sabr\u0131n\u0131 okuduk\u00e7a [&#8230;]<\/p>\n","protected":false},"featured_media":0,"comment_status":"open","ping_status":"closed","template":"","meta":[],"class_list":["post-3313","product","type-product","status-publish","hentry","product_cat-genel"],"_links":{"self":[{"href":"http:\/\/www.ttistanbulspor.org\/index.php\/wp-json\/wp\/v2\/product\/3313","targetHints":{"allow":["GET"]}}],"collection":[{"href":"http:\/\/www.ttistanbulspor.org\/index.php\/wp-json\/wp\/v2\/product"}],"about":[{"href":"http:\/\/www.ttistanbulspor.org\/index.php\/wp-json\/wp\/v2\/types\/product"}],"replies":[{"embeddable":true,"href":"http:\/\/www.ttistanbulspor.org\/index.php\/wp-json\/wp\/v2\/comments?post=3313"}],"wp:attachment":[{"href":"http:\/\/www.ttistanbulspor.org\/index.php\/wp-json\/wp\/v2\/media?parent=3313"}],"curies":[{"name":"wp","href":"https:\/\/api.w.org\/{rel}","templated":true}]}}