{"id":3312,"date":"2018-04-12T09:37:50","date_gmt":"2018-04-12T06:37:50","guid":{"rendered":"http:\/\/www.ttistanbulspor.org\/?post_type=product&#038;p=3312"},"modified":"2018-04-12T09:37:50","modified_gmt":"2018-04-12T06:37:50","slug":"bizim-buyuk-caresizligimiz","status":"publish","type":"product","link":"http:\/\/www.ttistanbulspor.org\/index.php\/urun\/bizim-buyuk-caresizligimiz\/","title":{"rendered":"Bizim B\u00fcy\u00fck \u00c7aresizli\u011fimiz"},"content":{"rendered":"<p>O y\u0131l bahar bize eksik yanlar\u0131m\u0131z\u0131, hi\u00e7 tamamlanmayacak \u015feyleri hat\u0131rlatarak gelmi\u015fti. Yar\u0131m yamalak bulutlar, sahanda yumurta g\u00fcne\u015fi, neremizi \u0131s\u0131tt\u0131\u011f\u0131 belli olmayan bir s\u0131cakl\u0131k. Burnumuzu mu, kalbimizi mi yoksa kas\u0131klar\u0131m\u0131z\u0131 m\u0131?<\/p>\n<p>\u0130ki yak\u0131n arkada\u015f\u0131n ayn\u0131 kad\u0131na \u00e2\u015f\u0131k olmas\u0131 ve kahvalt\u0131da peynirin \u00fczerine re\u00e7el s\u00fcrebilme i\u015ftah\u0131.<\/p>\n","protected":false},"excerpt":{"rendered":"<p>O y\u0131l bahar bize eksik yanlar\u0131m\u0131z\u0131, hi\u00e7 tamamlanmayacak \u015feyleri hat\u0131rlatarak gelmi\u015fti. Yar\u0131m yamalak bulutlar, sahanda [&#8230;]<\/p>\n","protected":false},"featured_media":0,"comment_status":"open","ping_status":"closed","template":"","meta":[],"class_list":["post-3312","product","type-product","status-publish","hentry","product_cat-romanhikaye"],"_links":{"self":[{"href":"http:\/\/www.ttistanbulspor.org\/index.php\/wp-json\/wp\/v2\/product\/3312","targetHints":{"allow":["GET"]}}],"collection":[{"href":"http:\/\/www.ttistanbulspor.org\/index.php\/wp-json\/wp\/v2\/product"}],"about":[{"href":"http:\/\/www.ttistanbulspor.org\/index.php\/wp-json\/wp\/v2\/types\/product"}],"replies":[{"embeddable":true,"href":"http:\/\/www.ttistanbulspor.org\/index.php\/wp-json\/wp\/v2\/comments?post=3312"}],"wp:attachment":[{"href":"http:\/\/www.ttistanbulspor.org\/index.php\/wp-json\/wp\/v2\/media?parent=3312"}],"curies":[{"name":"wp","href":"https:\/\/api.w.org\/{rel}","templated":true}]}}