{"id":3311,"date":"2018-04-12T09:35:15","date_gmt":"2018-04-12T06:35:15","guid":{"rendered":"http:\/\/www.ttistanbulspor.org\/?post_type=product&#038;p=3311"},"modified":"2018-04-12T09:35:15","modified_gmt":"2018-04-12T06:35:15","slug":"huzur","status":"publish","type":"product","link":"http:\/\/www.ttistanbulspor.org\/index.php\/urun\/huzur\/","title":{"rendered":"Huzur"},"content":{"rendered":"<p>Tanp\u0131nar, k\u00fclt\u00fcr\u00fcm\u00fcz\u00fc bir &#8220;i\u00e7 \u00e2lem medeniyeti&#8221;nin tezah\u00fcr\u00fc olarak g\u00f6r\u00fcr. Bu medeniyeti, belirli bir ahl\u00e2k\u0131 ta\u015f\u0131yan &#8220;m\u00e2nevi vazifelerine inanm\u0131\u015f, muayyen bir ruh nizam\u0131ndan ge\u00e7mi\u015f, nefislerini terbiye etmi\u015f&#8221; insanlar meydana getirmi\u015ftir. Huzur&#8217;un kahramanlar\u0131ndan M\u00fcmtaz, roman boyunca kendisini &#8220;huzur&#8221;a kavu\u015fturacak bir &#8220;i\u00e7 nizam&#8221;\u0131 aramaktad\u0131r. Eserde hastal\u0131k, \u00f6l\u00fcm, tabiat, kozmik unsurlar, medeniyet, sosyal meseleler, \u00e7e\u015fitli ruh halleri ve estetik fikirler i\u00e7 i\u00e7e verilir. Ancak b\u00fct\u00fcn bunlar\u0131n \u00fczerinde romana h\u00e2kim olan M\u00fcmtaz&#8217;la Nuran&#8217;\u0131n a\u015fklar\u0131d\u0131r. \u0130stanbul, bu a\u015fk\u0131n ya\u015fand\u0131\u011f\u0131 \u00e7evre olmaktan \u00e7\u0131karak, \u00e2deta bir roman kahraman\u0131 gibi ele al\u0131n\u0131r. Huzur i\u00e7in, belli bir d\u00fcnya g\u00f6r\u00fc\u015f\u00fcne, bir hayat nizam\u0131na kavu\u015famam\u0131\u015f Cumhuriyet ayd\u0131nlar\u0131n\u0131n &#8220;huzursuzluklar\u0131&#8221;n\u0131 dile getiriyor denebilir.<\/p>\n","protected":false},"excerpt":{"rendered":"<p>Tanp\u0131nar, k\u00fclt\u00fcr\u00fcm\u00fcz\u00fc bir &#8220;i\u00e7 \u00e2lem medeniyeti&#8221;nin tezah\u00fcr\u00fc olarak g\u00f6r\u00fcr. Bu medeniyeti, belirli bir ahl\u00e2k\u0131 ta\u015f\u0131yan [&#8230;]<\/p>\n","protected":false},"featured_media":0,"comment_status":"open","ping_status":"closed","template":"","meta":[],"class_list":["post-3311","product","type-product","status-publish","hentry","product_cat-romanhikaye"],"_links":{"self":[{"href":"http:\/\/www.ttistanbulspor.org\/index.php\/wp-json\/wp\/v2\/product\/3311","targetHints":{"allow":["GET"]}}],"collection":[{"href":"http:\/\/www.ttistanbulspor.org\/index.php\/wp-json\/wp\/v2\/product"}],"about":[{"href":"http:\/\/www.ttistanbulspor.org\/index.php\/wp-json\/wp\/v2\/types\/product"}],"replies":[{"embeddable":true,"href":"http:\/\/www.ttistanbulspor.org\/index.php\/wp-json\/wp\/v2\/comments?post=3311"}],"wp:attachment":[{"href":"http:\/\/www.ttistanbulspor.org\/index.php\/wp-json\/wp\/v2\/media?parent=3311"}],"curies":[{"name":"wp","href":"https:\/\/api.w.org\/{rel}","templated":true}]}}