{"id":3307,"date":"2018-04-12T09:26:17","date_gmt":"2018-04-12T06:26:17","guid":{"rendered":"http:\/\/www.ttistanbulspor.org\/?post_type=product&#038;p=3307"},"modified":"2018-04-12T09:26:17","modified_gmt":"2018-04-12T06:26:17","slug":"agustos-isigi","status":"publish","type":"product","link":"http:\/\/www.ttistanbulspor.org\/index.php\/urun\/agustos-isigi\/","title":{"rendered":"A\u011fustos I\u015f\u0131\u011f\u0131"},"content":{"rendered":"<div id=\"description_text\" class=\"readmore-js-section readmore-js-expanded\">A\u011fustos I\u015f\u0131\u011f\u0131&#8217;nda Faulkner, Amerikan toplumunda ya\u015fanan zenci sorunu, bireyin modern toplumdaki yaln\u0131zl\u0131\u011f\u0131 ve kimli\u011fini olu\u015fturamayan k\u00f6ks\u00fcz insan\u0131n dram\u0131 gibi temalar\u0131 d\u00fcnya edebiyat\u0131n\u0131n en ileri teknikleriyle ele al\u0131r. Babas\u0131nda zenci kan\u0131 bulundu\u011fu ileri s\u00fcr\u00fclen beyaz tenli Joe Christman&#8217;\u0131n \u00e7evresinde geli\u015fen roman, \u00e7a\u011f\u0131m\u0131z\u0131n \u015fimdiden klasikle\u015fmi\u015f yazar\u0131 Faulkner&#8217;in ba\u015feslerinden biridir.<\/div>\n","protected":false},"excerpt":{"rendered":"<p>A\u011fustos I\u015f\u0131\u011f\u0131&#8217;nda Faulkner, Amerikan toplumunda ya\u015fanan zenci sorunu, bireyin modern toplumdaki yaln\u0131zl\u0131\u011f\u0131 ve kimli\u011fini olu\u015fturamayan [&#8230;]<\/p>\n","protected":false},"featured_media":0,"comment_status":"open","ping_status":"closed","template":"","meta":[],"class_list":["post-3307","product","type-product","status-publish","hentry","product_cat-romanhikaye"],"_links":{"self":[{"href":"http:\/\/www.ttistanbulspor.org\/index.php\/wp-json\/wp\/v2\/product\/3307","targetHints":{"allow":["GET"]}}],"collection":[{"href":"http:\/\/www.ttistanbulspor.org\/index.php\/wp-json\/wp\/v2\/product"}],"about":[{"href":"http:\/\/www.ttistanbulspor.org\/index.php\/wp-json\/wp\/v2\/types\/product"}],"replies":[{"embeddable":true,"href":"http:\/\/www.ttistanbulspor.org\/index.php\/wp-json\/wp\/v2\/comments?post=3307"}],"wp:attachment":[{"href":"http:\/\/www.ttistanbulspor.org\/index.php\/wp-json\/wp\/v2\/media?parent=3307"}],"curies":[{"name":"wp","href":"https:\/\/api.w.org\/{rel}","templated":true}]}}