{"id":3304,"date":"2018-04-12T09:14:17","date_gmt":"2018-04-12T06:14:17","guid":{"rendered":"http:\/\/www.ttistanbulspor.org\/?post_type=product&#038;p=3304"},"modified":"2018-04-12T09:14:17","modified_gmt":"2018-04-12T06:14:17","slug":"lolita","status":"publish","type":"product","link":"http:\/\/www.ttistanbulspor.org\/index.php\/urun\/lolita\/","title":{"rendered":"Lolita"},"content":{"rendered":"<p>&#8220;Lolita, hayat\u0131m\u0131n \u0131\u015f\u0131\u011f\u0131, kas\u0131klar\u0131m\u0131n ate\u015fi. G\u00fcnah\u0131m, ruhum, Lo-Li-Ta; Dilin ucu damaktan di\u015flere do\u011fru \u00fc\u00e7 basamakl\u0131k bir yol al\u0131r, \u00dc\u00e7\u00fcnc\u00fcs\u00fcnde gelir di\u015flere dayan\u0131r.<\/p>\n","protected":false},"excerpt":{"rendered":"<p>&#8220;Lolita, hayat\u0131m\u0131n \u0131\u015f\u0131\u011f\u0131, kas\u0131klar\u0131m\u0131n ate\u015fi. G\u00fcnah\u0131m, ruhum, Lo-Li-Ta; Dilin ucu damaktan di\u015flere do\u011fru \u00fc\u00e7 basamakl\u0131k [&#8230;]<\/p>\n","protected":false},"featured_media":0,"comment_status":"open","ping_status":"closed","template":"","meta":[],"class_list":["post-3304","product","type-product","status-publish","hentry","product_cat-romanhikaye"],"_links":{"self":[{"href":"http:\/\/www.ttistanbulspor.org\/index.php\/wp-json\/wp\/v2\/product\/3304","targetHints":{"allow":["GET"]}}],"collection":[{"href":"http:\/\/www.ttistanbulspor.org\/index.php\/wp-json\/wp\/v2\/product"}],"about":[{"href":"http:\/\/www.ttistanbulspor.org\/index.php\/wp-json\/wp\/v2\/types\/product"}],"replies":[{"embeddable":true,"href":"http:\/\/www.ttistanbulspor.org\/index.php\/wp-json\/wp\/v2\/comments?post=3304"}],"wp:attachment":[{"href":"http:\/\/www.ttistanbulspor.org\/index.php\/wp-json\/wp\/v2\/media?parent=3304"}],"curies":[{"name":"wp","href":"https:\/\/api.w.org\/{rel}","templated":true}]}}