{"id":3116,"date":"2018-04-05T08:31:11","date_gmt":"2018-04-05T05:31:11","guid":{"rendered":"http:\/\/www.ttistanbulspor.org\/?post_type=product&#038;p=3116"},"modified":"2018-04-05T08:31:11","modified_gmt":"2018-04-05T05:31:11","slug":"bi-bakip-cikcm","status":"publish","type":"product","link":"http:\/\/www.ttistanbulspor.org\/index.php\/urun\/bi-bakip-cikcm\/","title":{"rendered":"Bi Bak\u0131p \u00c7\u0131kcm"},"content":{"rendered":"<p>&#8230; Aldanmak\u2026\u0130nsano\u011flu da \u201cGen\u00e7ken\u201d aldan\u0131r. Ba\u015fkalar\u0131n\u0131n hatalar\u0131n\u0131 g\u00f6zlemleyemedi\u011fi i\u00e7in onlar\u0131n d\u00fc\u015ft\u00fckleri hatalara d\u00fc\u015fer ve \u0131srarla kimseyi dinlemeden kendi do\u011frular\u0131n\u0131 ya\u015far.<\/p>\n<p>Elinde tuttu\u011fun kitap sana \u201co hatalara kendi do\u011frular\u0131n\u201d ile d\u00fc\u015fmemen i\u00e7in bir dost muhabbeti sunmay\u0131 ama\u00e7lamakta. Bi bak\u0131p \u00e7\u0131k istersen\u2026<\/p>\n<p>&nbsp;<\/p>\n<p>Kitab\u0131 okurken kendinizi canl\u0131 bir sohbetin i\u00e7erisinde bulacaks\u0131n\u0131z, k\u00e2h dinleyici olacaks\u0131n\u0131z, k\u00e2h anlat\u0131c\u0131 olacaks\u0131n\u0131z, kah soru soran, kah cevap veren, bi\u2019 bakm\u0131\u015fs\u0131n\u0131z yazardan f\u0131r\u00e7a yiyorsunuz.<\/p>\n<p>Seyfullah \u015eenel bi bak\u0131p \u00e7\u0131kcm kitab\u0131nda ger\u00e7e\u011fin, hakikatin kap\u0131s\u0131n\u0131 aral\u0131yor, \u00e7\u00fcnk\u00fc kitap masa ba\u015f\u0131 \u00e7al\u0131\u015fman\u0131n bir mahsul\u00fc de\u011fil. Bizatihi gen\u00e7lerle hemhal olmu\u015f, onlar\u0131n dertlerini \u00f6nemseyen, gen\u00e7lerle ayn\u0131 dili konu\u015fabilen a\u011fabeyleri taraf\u0131ndan yaz\u0131lm\u0131\u015f.<\/p>\n","protected":false},"excerpt":{"rendered":"<p>&#8230; Aldanmak\u2026\u0130nsano\u011flu da \u201cGen\u00e7ken\u201d aldan\u0131r. Ba\u015fkalar\u0131n\u0131n hatalar\u0131n\u0131 g\u00f6zlemleyemedi\u011fi i\u00e7in onlar\u0131n d\u00fc\u015ft\u00fckleri hatalara d\u00fc\u015fer ve \u0131srarla [&#8230;]<\/p>\n","protected":false},"featured_media":0,"comment_status":"open","ping_status":"closed","template":"","meta":[],"class_list":["post-3116","product","type-product","status-publish","hentry","product_cat-cocukkitaplari"],"_links":{"self":[{"href":"http:\/\/www.ttistanbulspor.org\/index.php\/wp-json\/wp\/v2\/product\/3116","targetHints":{"allow":["GET"]}}],"collection":[{"href":"http:\/\/www.ttistanbulspor.org\/index.php\/wp-json\/wp\/v2\/product"}],"about":[{"href":"http:\/\/www.ttistanbulspor.org\/index.php\/wp-json\/wp\/v2\/types\/product"}],"replies":[{"embeddable":true,"href":"http:\/\/www.ttistanbulspor.org\/index.php\/wp-json\/wp\/v2\/comments?post=3116"}],"wp:attachment":[{"href":"http:\/\/www.ttistanbulspor.org\/index.php\/wp-json\/wp\/v2\/media?parent=3116"}],"curies":[{"name":"wp","href":"https:\/\/api.w.org\/{rel}","templated":true}]}}