{"id":3114,"date":"2018-04-05T08:24:13","date_gmt":"2018-04-05T05:24:13","guid":{"rendered":"http:\/\/www.ttistanbulspor.org\/?post_type=product&#038;p=3114"},"modified":"2018-04-05T08:24:13","modified_gmt":"2018-04-05T05:24:13","slug":"mesnevi","status":"publish","type":"product","link":"http:\/\/www.ttistanbulspor.org\/index.php\/urun\/mesnevi\/","title":{"rendered":"Mesnevi"},"content":{"rendered":"<p>Mesnev\u00ee, hak\u00eekate ula\u015fmak ve Allah&#8217;\u0131n s\u0131rlar\u0131na \u00e2g\u00e2h olmak isteyenler i\u00e7in bir yoldur. Mesnev\u00ee, temizlenmi\u015f ki\u015filer i\u00e7in g\u00f6n\u00fcllere \u015fif\u00e2d\u0131r. H\u00fcz\u00fcnleri giderir. Kur&#8217;\u00e2n&#8217;\u0131 a\u00e7\u0131k\u00e7a anlamaya yard\u0131m eder. Huylar\u0131 g\u00fczelle\u015ftirir. diye buyrulmaktad\u0131r. Mevl\u00e2na, eserini etkili k\u0131lmak, fikirlerini, duygular\u0131n\u0131 daha g\u00fczel a\u00e7\u0131klamak i\u00e7in baz\u0131 garip, m\u00fcstesn\u00e2 hik\u00e2yeleri \u00f6rnek olarak vermekte, irf\u00e2n sahibi ki\u015fileri \u00e2det\u00e2 b\u00fcy\u00fcleyen g\u00fczel beyitlerini, bu hik\u00e2yeler aras\u0131na s\u0131k\u0131\u015ft\u0131rmaktad\u0131r. Birbiri i\u00e7ine giren bu n\u00e2dir hik\u00e2yeler aras\u0131nda gizlenmi\u015f bulunan Mesnev\u00ee cevherlerini, bu il\u00e2h\u00ee hikmetleri bulup \u00e7\u0131karmak i\u00e7in \u00e7ok dikkatle u\u011fra\u015fmak, emek sarf etmek ve \u00e7ok sab\u0131rl\u0131 olmak gerekmektedir. Bu eme\u011fi hakk\u0131yla sarf edenlerin ba\u015f\u0131nda doksan alt\u0131 y\u0131ll\u0131k \u00f6mr\u00fcn\u00fc Mesnev\u00ee&#8217;ye adayan, son icazetli mesnev\u00eehan, rahmetli \u015eefik Can gelir. Bu eser onun Mesnev\u00ee hakk\u0131ndaki \u00e7al\u0131\u015fmalar\u0131n\u0131n has\u0131las\u0131d\u0131r. Mesnev\u00ee&#8217;yi dil ve m\u00e2n\u00e2 tart\u0131\u015fmalar\u0131ndan kurtar\u0131r. M\u00e2n\u00e2 denizinin derinlerine dalar, inciler derler; a\u015fk bah\u00e7esinin en g\u00fczel \u00e7i\u00e7ekleri aras\u0131nda dola\u015f\u0131r, g\u00fcller derer. Ondan erbab\u0131n\u0131n anlayabilece\u011fi bir Hazret-i Mevlana kokusu, Mevlevilik \u015fuas\u0131 yay\u0131l\u0131r.Mesnev\u00ee&#8217;nin orijinali alt\u0131 cilttir. Bu alt\u0131 cilt yay\u0131nevimiz taraf\u0131ndan hi\u00e7bir eksiltme yap\u0131lmadan \u00fc\u00e7 ciltte toplanm\u0131\u015ft\u0131r. &#8220;Konular\u0131na G\u00f6re A\u00e7\u0131klamal\u0131 Mesnev\u00ee Terc\u00fcmesi, yaz\u0131 karakteri ve k\u00e2\u011f\u0131t se\u00e7imi, sayfa d\u00fczenlemesi ve kapak tasar\u0131m\u0131 gibi hi\u00e7bir ayr\u0131nt\u0131 ihmal edilmeden Mesnev\u00ee&#8217;ye yak\u0131\u015fan bir zarafet ve titizlikle haz\u0131rlanm\u0131\u015ft\u0131r. Bask\u0131 kalitesi ve tasar\u0131m \u00f6zellikleri bak\u0131m\u0131ndan benzerlerinin \u00e7ok \u00fczerindedir.Eserin as\u0131l \u00fcst\u00fcn yan\u0131 muhtevas\u0131d\u0131r. \u015eefik Can, Mevl\u00e2na ve Mesnev\u00eesi hakk\u0131nda farkl\u0131 dillerde yaz\u0131lan kayda de\u011fer t\u00fcm kitaplar\u0131 okuduktan, Mesnev\u00ee terc\u00fcmelerini y\u0131llar s\u00fcren bir dikkatle tarad\u0131ktan sonra bu eseri kaleme alm\u0131\u015ft\u0131r. Beyitler, anlam kayb\u0131 olu\u015fmamas\u0131na \u00f6zen g\u00f6sterilerek, en do\u011fru \u015fekilde ve g\u00fczel bir T\u00fcrk\u00e7eyle ifade edilir. Eserde ge\u00e7en k\u0131ssalar\u0131n kaynaklar\u0131 belirtilir, ima edilen ve a\u00e7\u0131klanan konular\u0131n Kur&#8217;an-\u0131 Kerim&#8217;deki ve di\u011fer b\u00fcy\u00fck kitaplardaki yeri g\u00f6sterilir. Dipnotlar\u0131nda yap\u0131lan a\u00e7\u0131klamalar sebebiyle ayn\u0131 zamanda bir \u015ferhtir. Bilgi hazinelerinin kap\u0131lar\u0131n\u0131 aralayarak girilen odalar, o bilgileri olguya d\u00f6n\u00fc\u015ft\u00fcrm\u00fc\u015f bir sarraf\u0131n ince i\u015flemeleriyle donanm\u0131\u015ft\u0131r.Yay\u0131nlanmas\u0131ndan itibaren tasavvuf kitaplar\u0131n\u0131n ba\u015f s\u0131ras\u0131na yerle\u015fmi\u015f, ilgili ve bilgili herkesin \u00f6vg\u00fcs\u00fcn\u00fc kazanm\u0131\u015f, k\u0131sa zamanda geni\u015f bir at\u0131f \u00e7er\u00e7evesi olu\u015fturarak Mesnev\u00ee&#8217;ye y\u00f6nelen tevecc\u00fch\u00fcn b\u00e2nisi olmu\u015ftur. Mesnev\u00ee&#8217;nin yeniden g\u00fcndeme gelmesi ve sevilmeye ba\u015flamas\u0131 biraz da yazar ve eseri sayesindedir.Bu kitap, g\u00f6n\u00fcl ehli olanlara, Allah yolunda y\u00fcr\u00fcyenlere, manevi ve r\u00fbhan\u00ee hayat\u0131 ya\u015fayanlara, susup her\u015feye dikkat eden n\u00fbr ehline, bedende ya\u015fad\u0131klar\u0131 halde, r\u00fbhen namevcud olanlara, y\u0131rt\u0131k p\u0131rt\u0131k elbiseler i\u00e7inde padi\u015fahlar\u0131n ta kendisi olanlara, fazilet ve hidayet n\u00fbrlar\u0131 ile dolu olanlara ve halk aras\u0131nda ads\u0131z, sans\u0131z dola\u015fan ger\u00e7ek asilzadeler i\u00e7in Allah&#8217;\u0131n bir l\u00fctfudur. Bu kitap d\u00fcnya nimetlerini terk edip, Allah`\u0131 bilmeye, onunla ya\u015famaya, onunla manen birlik olmaya \u00e7al\u0131\u015fan, nefsan\u00ee arzular\u0131n\u0131 \u00f6ld\u00fcrerek, manev\u00ee murakabe hayat\u0131na kendini veren ki\u015filere hitap eder.<\/p>\n","protected":false},"excerpt":{"rendered":"<p>Mesnev\u00ee, hak\u00eekate ula\u015fmak ve Allah&#8217;\u0131n s\u0131rlar\u0131na \u00e2g\u00e2h olmak isteyenler i\u00e7in bir yoldur. Mesnev\u00ee, temizlenmi\u015f ki\u015filer [&#8230;]<\/p>\n","protected":false},"featured_media":0,"comment_status":"open","ping_status":"closed","template":"","meta":[],"class_list":["post-3114","product","type-product","status-publish","hentry","product_cat-genel"],"_links":{"self":[{"href":"http:\/\/www.ttistanbulspor.org\/index.php\/wp-json\/wp\/v2\/product\/3114","targetHints":{"allow":["GET"]}}],"collection":[{"href":"http:\/\/www.ttistanbulspor.org\/index.php\/wp-json\/wp\/v2\/product"}],"about":[{"href":"http:\/\/www.ttistanbulspor.org\/index.php\/wp-json\/wp\/v2\/types\/product"}],"replies":[{"embeddable":true,"href":"http:\/\/www.ttistanbulspor.org\/index.php\/wp-json\/wp\/v2\/comments?post=3114"}],"wp:attachment":[{"href":"http:\/\/www.ttistanbulspor.org\/index.php\/wp-json\/wp\/v2\/media?parent=3114"}],"curies":[{"name":"wp","href":"https:\/\/api.w.org\/{rel}","templated":true}]}}