{"id":3110,"date":"2018-04-05T08:13:05","date_gmt":"2018-04-05T05:13:05","guid":{"rendered":"http:\/\/www.ttistanbulspor.org\/?post_type=product&#038;p=3110"},"modified":"2018-04-05T08:13:05","modified_gmt":"2018-04-05T05:13:05","slug":"puslu-kitalar-atlasi","status":"publish","type":"product","link":"http:\/\/www.ttistanbulspor.org\/index.php\/urun\/puslu-kitalar-atlasi\/","title":{"rendered":"Puslu K\u0131talar Atlas\u0131"},"content":{"rendered":"<p>Bir &#8220;ilk kitap&#8221;, T\u00fcrk\u00e7e edebiyatta yeni ve p\u0131r\u0131lt\u0131l\u0131 bir yazar&#8230; &#8220;Yeni\u00e7eriler kap\u0131y\u0131 zorlarken&#8221; d\u00fc\u015fler \u00fcst\u00fcne d\u00fc\u015f\u00fcncelere dalan Uzun \u0130hsan Efendi, kap\u0131 k\u0131r\u0131ld\u0131\u011f\u0131nda klasik ama hep yeni kalabilen sonuca ula\u015fmak \u00fczeredir: &#8220;D\u00fcnya bir d\u00fc\u015ft\u00fcr. Evet, d\u00fcnya&#8230; Ah! Evet, d\u00fcnya bir masald\u0131r.&#8221; Ge\u00e7mi\u015f \u00fczerine, d\u00fcnya hali \u00fczerine, d\u00fc\u015fler ve &#8220;puslu k\u0131talar&#8221; \u00fczerine bir roman. Hulki Aktun\u00e7&#8217;un \u00f6ns\u00f6z\u00fcyle&#8230;<\/p>\n","protected":false},"excerpt":{"rendered":"<p>Bir &#8220;ilk kitap&#8221;, T\u00fcrk\u00e7e edebiyatta yeni ve p\u0131r\u0131lt\u0131l\u0131 bir yazar&#8230; &#8220;Yeni\u00e7eriler kap\u0131y\u0131 zorlarken&#8221; d\u00fc\u015fler \u00fcst\u00fcne [&#8230;]<\/p>\n","protected":false},"featured_media":0,"comment_status":"open","ping_status":"closed","template":"","meta":[],"class_list":["post-3110","product","type-product","status-publish","hentry","product_cat-romanhikaye"],"_links":{"self":[{"href":"http:\/\/www.ttistanbulspor.org\/index.php\/wp-json\/wp\/v2\/product\/3110","targetHints":{"allow":["GET"]}}],"collection":[{"href":"http:\/\/www.ttistanbulspor.org\/index.php\/wp-json\/wp\/v2\/product"}],"about":[{"href":"http:\/\/www.ttistanbulspor.org\/index.php\/wp-json\/wp\/v2\/types\/product"}],"replies":[{"embeddable":true,"href":"http:\/\/www.ttistanbulspor.org\/index.php\/wp-json\/wp\/v2\/comments?post=3110"}],"wp:attachment":[{"href":"http:\/\/www.ttistanbulspor.org\/index.php\/wp-json\/wp\/v2\/media?parent=3110"}],"curies":[{"name":"wp","href":"https:\/\/api.w.org\/{rel}","templated":true}]}}