{"id":3086,"date":"2018-04-04T14:24:03","date_gmt":"2018-04-04T11:24:03","guid":{"rendered":"http:\/\/www.ttistanbulspor.org\/?post_type=product&#038;p=3086"},"modified":"2018-04-04T14:24:03","modified_gmt":"2018-04-04T11:24:03","slug":"latife-hanimin-kagitlari","status":"publish","type":"product","link":"http:\/\/www.ttistanbulspor.org\/index.php\/urun\/latife-hanimin-kagitlari\/","title":{"rendered":"Latife Han\u0131m&#8217;\u0131n Ka\u011f\u0131tlar\u0131"},"content":{"rendered":"<p>Latife U\u015f\u015faki, ilgin\u00e7 hayat \u00f6yk\u00fcs\u00fc ve tabii ki evlili\u011fi \/ ayr\u0131l\u0131\u011f\u0131yla 1923&#8217;ten bug\u00fcne hep ilgi oda\u011f\u0131 oldu.<br \/>\nElinizdeki bu kitapta O&#8217;nun ilgin\u00e7 ya\u015fam \u00f6yk\u00fcs\u00fc, tan\u0131klar\u0131 ve belgeleriyle bir roman \/ belgesel tad\u0131nda sunuldu.<br \/>\nDerin bir a\u015fk&#8230; Ba\u015flarken gurbet, ya\u015farken vuslat, ayr\u0131l\u0131kta hasret var&#8230;<br \/>\nB\u00fcy\u00fck a\u015fk Paris&#8217;te ba\u015fl\u0131yor&#8230; \u0130stanbul&#8217;da sona eriyor&#8230;<br \/>\nKitapta Gazi Pa\u015fa ile ya\u015fad\u0131klar\u0131 evlili\u011fe dair \u00e7ok \u00f6nemli detaylara yer verildi.<br \/>\nNas\u0131l tan\u0131\u015ft\u0131klar\u0131, \u0130lk kar\u015f\u0131la\u015ft\u0131klar\u0131 an neler hissettikleri,<br \/>\nGazi Pa\u015fa&#8217;n\u0131n Latife Han\u0131m&#8217;a evlenmeden \u00f6nce ne hediye etti\u011fi, nas\u0131l evlendikleri ve tabii ki Gazi Pa\u015fa&#8217;n\u0131n Evlilik hediyesinin ne oldu\u011funu \u00f6\u011freneceksiniz.<br \/>\nLatife Han\u0131m&#8217;\u0131n yeni kurulan T\u00fcrkiye Cumhuriyet&#8217;inde y\u00fcklendi\u011fi misyonun anlat\u0131ld\u0131\u011f\u0131 kitapta, Gazi Pa\u015fa ile Latife Han\u0131m&#8217;\u0131n yurt gezilerinde ba\u015flayan tart\u0131\u015fmalar\u0131 da yer ald\u0131. Gazi Mustafa Kemal&#8217;le ayr\u0131ld\u0131\u011f\u0131 5 A\u011fustos 1925&#8217;ten vefat etti\u011fi 12 Temmuz 1975&#8217;e kadar kimseyle konu\u015fmad\u0131, r\u00f6portaj vermedi, a\u00e7\u0131klama yapmad\u0131. Ama s\u00fcrekli yazd\u0131&#8230; Bazen &#8220;Fatma Saliha&#8221; ad\u0131n\u0131 kulland\u0131, \u0130stanbul&#8217;daki gazetelere yazd\u0131, bazen i\u00e7li mektuplar\u0131yla dostlar\u0131na i\u00e7ini d\u00f6kt\u00fc. Ama her g\u00fcn\u00fcn\u00fc yazd\u0131.<br \/>\nKitapta okuyaca\u011f\u0131n\u0131z gibi Latife U\u015f\u015faki, Bat\u0131l\u0131 tarzda e\u011fitim alm\u0131\u015f, 5 yabanc\u0131 dil bilen, k\u00fclt\u00fcrl\u00fc bir kad\u0131nd\u0131r ve kalemini elinden neredeyse hi\u00e7 d\u00fc\u015f\u00fcrmemi\u015ftir.<br \/>\nYa\u015fad\u0131\u011f\u0131 en mutlu an\u0131, ac\u0131 dolu olaylar\u0131 tuttu\u011fu g\u00fcnl\u00fc\u011f\u00fcne kaydetmi\u015ftir.<br \/>\nPeki mektuplar\u0131nda neler yazd\u0131?<br \/>\nMektuplar\u0131n\u0131 koydu\u011fu sanduka&#8217;n\u0131n a\u00e7\u0131lmas\u0131 neden yasakland\u0131?<br \/>\nKitap sizi &#8220;Latife Han\u0131m&#8217;\u0131n Ka\u011f\u0131tlar\u0131&#8221;na dair bir yolculu\u011fa \u00e7\u0131kart\u0131yor&#8230;<\/p>\n","protected":false},"excerpt":{"rendered":"<p>Latife U\u015f\u015faki, ilgin\u00e7 hayat \u00f6yk\u00fcs\u00fc ve tabii ki evlili\u011fi \/ ayr\u0131l\u0131\u011f\u0131yla 1923&#8217;ten bug\u00fcne hep ilgi [&#8230;]<\/p>\n","protected":false},"featured_media":0,"comment_status":"open","ping_status":"closed","template":"","meta":[],"class_list":["post-3086","product","type-product","status-publish","hentry","product_cat-genel"],"_links":{"self":[{"href":"http:\/\/www.ttistanbulspor.org\/index.php\/wp-json\/wp\/v2\/product\/3086","targetHints":{"allow":["GET"]}}],"collection":[{"href":"http:\/\/www.ttistanbulspor.org\/index.php\/wp-json\/wp\/v2\/product"}],"about":[{"href":"http:\/\/www.ttistanbulspor.org\/index.php\/wp-json\/wp\/v2\/types\/product"}],"replies":[{"embeddable":true,"href":"http:\/\/www.ttistanbulspor.org\/index.php\/wp-json\/wp\/v2\/comments?post=3086"}],"wp:attachment":[{"href":"http:\/\/www.ttistanbulspor.org\/index.php\/wp-json\/wp\/v2\/media?parent=3086"}],"curies":[{"name":"wp","href":"https:\/\/api.w.org\/{rel}","templated":true}]}}