{"id":3078,"date":"2018-04-04T11:57:43","date_gmt":"2018-04-04T08:57:43","guid":{"rendered":"http:\/\/www.ttistanbulspor.org\/?post_type=product&#038;p=3078"},"modified":"2018-04-04T11:57:43","modified_gmt":"2018-04-04T08:57:43","slug":"dost-kazanma-ve-insanlari-etkileme-sanati","status":"publish","type":"product","link":"http:\/\/www.ttistanbulspor.org\/index.php\/urun\/dost-kazanma-ve-insanlari-etkileme-sanati\/","title":{"rendered":"Dost Kazanma ve \u0130nsanlar\u0131 Etkileme Sanat\u0131"},"content":{"rendered":"<p>Bu kitapta yer alan, ge\u00e7erlili\u011fi zaman i\u00e7inde kan\u0131tlanm\u0131\u015f \u00f6\u011f\u00fctler, elli y\u0131ld\u0131r milyonlarca insan taraf\u0131ndan okundu, on binlerce \u00fcnl\u00fc insan\u0131 hem i\u015f hem de \u00f6zel ya\u015famlar\u0131nda ba\u015far\u0131 merdiveninin zirvesine ta\u015f\u0131d\u0131.<br \/>\n&#8220;Dost Kazanma ve \u0130nsanlar\u0131 Etkileme Sanat\u0131&#8221; 2000&#8217;li y\u0131llar\u0131n rekabeti ve karma\u015fas\u0131 i\u00e7indeki okuyucular\u0131n da potansiyellerinin doruk noktas\u0131na ula\u015fmalar\u0131n\u0131 sa\u011flamak i\u00e7in g\u00f6zden ge\u00e7irildi ve g\u00fcn\u00fcm\u00fcze uyarland\u0131.Bu kitab\u0131 okudu\u011funuzda; insanlar\u0131n sizden ho\u015flanmalar\u0131n\u0131 ve sizinle fikir birli\u011fine varmalar\u0131n\u0131 sa\u011flaman\u0131n, onlar\u0131 k\u0131r\u0131p incitmeden de\u011fi\u015ftirmenin yollar\u0131n\u0131 \u00f6\u011frenecek, ya\u015fam\u0131n sizin i\u00e7in daha kolay hale geldi\u011fini g\u00f6receksiniz.<\/p>\n<p>Zirvede herkese yer var. Yeter ki siz ula\u015fmay\u0131 bilin!<\/p>\n<p>&nbsp;<\/p>\n","protected":false},"excerpt":{"rendered":"<p>Bu kitapta yer alan, ge\u00e7erlili\u011fi zaman i\u00e7inde kan\u0131tlanm\u0131\u015f \u00f6\u011f\u00fctler, elli y\u0131ld\u0131r milyonlarca insan taraf\u0131ndan okundu, [&#8230;]<\/p>\n","protected":false},"featured_media":0,"comment_status":"open","ping_status":"closed","template":"","meta":[],"class_list":["post-3078","product","type-product","status-publish","hentry","product_cat-genel"],"_links":{"self":[{"href":"http:\/\/www.ttistanbulspor.org\/index.php\/wp-json\/wp\/v2\/product\/3078","targetHints":{"allow":["GET"]}}],"collection":[{"href":"http:\/\/www.ttistanbulspor.org\/index.php\/wp-json\/wp\/v2\/product"}],"about":[{"href":"http:\/\/www.ttistanbulspor.org\/index.php\/wp-json\/wp\/v2\/types\/product"}],"replies":[{"embeddable":true,"href":"http:\/\/www.ttistanbulspor.org\/index.php\/wp-json\/wp\/v2\/comments?post=3078"}],"wp:attachment":[{"href":"http:\/\/www.ttistanbulspor.org\/index.php\/wp-json\/wp\/v2\/media?parent=3078"}],"curies":[{"name":"wp","href":"https:\/\/api.w.org\/{rel}","templated":true}]}}