{"id":3077,"date":"2018-04-04T11:52:04","date_gmt":"2018-04-04T08:52:04","guid":{"rendered":"http:\/\/www.ttistanbulspor.org\/?post_type=product&#038;p=3077"},"modified":"2018-04-04T11:52:04","modified_gmt":"2018-04-04T08:52:04","slug":"isbasinda-duygusal-zeka","status":"publish","type":"product","link":"http:\/\/www.ttistanbulspor.org\/index.php\/urun\/isbasinda-duygusal-zeka\/","title":{"rendered":"\u0130\u015fba\u015f\u0131nda Duygusal Zeka"},"content":{"rendered":"<p>\u00c7\u0131\u011f\u0131r a\u00e7an kitab\u0131 &#8216;Duygusal Zeka&#8217; ile g\u00fcndelik s\u00f6z da\u011farc\u0131\u011f\u0131m\u0131za yeni bir deyim katan Daniel Goleman, yine devrim yaratacak bu kitab\u0131nda, i\u015fyerinde ba\u015far\u0131n\u0131n \u00f6l\u00e7\u00fct\u00fcn\u00fc yeniden tan\u0131ml\u0131yor. \u0130\u015f d\u00fcnyas\u0131ndaki liderlerle kurdu\u011fu ba\u011flant\u0131n\u0131n yan\u0131 s\u0131ra 500&#8217;den fazla \u015firkette yap\u0131lan incelemelerden elde edilen verilere dayanarak, her alanda y\u0131ld\u0131z elemanlar\u0131 ortaya \u00e7\u0131karan becerileri a\u00e7\u0131kl\u0131yor. Ba\u015flang\u0131\u00e7 d\u00fczeyindeki i\u015flerden en \u00fcst y\u00f6netime kadar, ba\u015far\u0131y\u0131 getiren en \u00f6nemli etkenin IQ, teknik uzmanl\u0131k ya da parlak diplomalar de\u011fil, duygusal zeka oldu\u011funu kan\u0131tl\u0131yor ve bu alandaki yeterliklerin g\u00fcn\u00fcm\u00fcz i\u015f piyasas\u0131nda ta\u015f\u0131d\u0131\u011f\u0131 birincil de\u011feri g\u00f6zler \u00f6n\u00fcne seriyor.<\/p>\n<p>Beyin bilimi ve insan davran\u0131\u015flar\u0131yla ilgili son ara\u015ft\u0131rmalara g\u00f6re, hepimiz duygusal zekam\u0131z\u0131 geni\u015fletme potansiyeline sahibiz. Goleman, bu paha bi\u00e7ilmez yetenekleri geli\u015ftirmemiz i\u00e7in bilimsel verilere dayanarak bize yol g\u00f6steriyor ve geleneksel \u015firket e\u011filimlerinin neden zaman kayb\u0131ndan ibaret oldu\u011funu a\u00e7\u0131kl\u0131yor.<\/p>\n","protected":false},"excerpt":{"rendered":"<p>\u0130\u015fba\u015f\u0131nda Duygusal Zeka&#8217;, \u00f6n\u00fcm\u00fczdeki y\u0131llarda \u015firketlerin \u00e7al\u0131\u015fma bi\u00e7imini ve onlara \u00f6nderlik eden ki\u015filerin davran\u0131\u015f tarz\u0131n\u0131 kesinlikle de\u011fi\u015ftirecektir.<\/p>\n","protected":false},"featured_media":0,"comment_status":"open","ping_status":"closed","template":"","meta":[],"class_list":["post-3077","product","type-product","status-publish","hentry","product_cat-kisiselgelisim"],"_links":{"self":[{"href":"http:\/\/www.ttistanbulspor.org\/index.php\/wp-json\/wp\/v2\/product\/3077","targetHints":{"allow":["GET"]}}],"collection":[{"href":"http:\/\/www.ttistanbulspor.org\/index.php\/wp-json\/wp\/v2\/product"}],"about":[{"href":"http:\/\/www.ttistanbulspor.org\/index.php\/wp-json\/wp\/v2\/types\/product"}],"replies":[{"embeddable":true,"href":"http:\/\/www.ttistanbulspor.org\/index.php\/wp-json\/wp\/v2\/comments?post=3077"}],"wp:attachment":[{"href":"http:\/\/www.ttistanbulspor.org\/index.php\/wp-json\/wp\/v2\/media?parent=3077"}],"curies":[{"name":"wp","href":"https:\/\/api.w.org\/{rel}","templated":true}]}}