{"id":3074,"date":"2018-04-04T11:33:53","date_gmt":"2018-04-04T08:33:53","guid":{"rendered":"http:\/\/www.ttistanbulspor.org\/?post_type=product&#038;p=3074"},"modified":"2018-04-04T11:33:53","modified_gmt":"2018-04-04T08:33:53","slug":"stres-kendine-guven-mucadele-ruhu","status":"publish","type":"product","link":"http:\/\/www.ttistanbulspor.org\/index.php\/urun\/stres-kendine-guven-mucadele-ruhu\/","title":{"rendered":"Stres Kendine G\u00fcven M\u00fccadele Ruhu"},"content":{"rendered":"<p>Yarat\u0131c\u0131l\u0131k<br \/>\nHayat\u0131n\u0131za Sahip \u00c7\u0131k\u0131n<br \/>\nKarar Verin<br \/>\nNe \u0130stiyorsunuz?<br \/>\nGelece\u011fi \u015eekillendiren G\u00fc\u00e7<br \/>\nOdaklanmak<br \/>\n\u0130steklerinizi Dile Getirin<br \/>\nRuh &#8211; Beden \u0130li\u015fkisi<br \/>\n\u0130nsan \u0130li\u015fkileri<\/p>\n","protected":false},"excerpt":{"rendered":"<p>Yarat\u0131c\u0131l\u0131k Hayat\u0131n\u0131za Sahip \u00c7\u0131k\u0131n Karar Verin Ne \u0130stiyorsunuz? Gelece\u011fi \u015eekillendiren G\u00fc\u00e7 Odaklanmak \u0130steklerinizi Dile Getirin [&#8230;]<\/p>\n","protected":false},"featured_media":0,"comment_status":"open","ping_status":"closed","template":"","meta":[],"class_list":["post-3074","product","type-product","status-publish","hentry","product_cat-genel"],"_links":{"self":[{"href":"http:\/\/www.ttistanbulspor.org\/index.php\/wp-json\/wp\/v2\/product\/3074","targetHints":{"allow":["GET"]}}],"collection":[{"href":"http:\/\/www.ttistanbulspor.org\/index.php\/wp-json\/wp\/v2\/product"}],"about":[{"href":"http:\/\/www.ttistanbulspor.org\/index.php\/wp-json\/wp\/v2\/types\/product"}],"replies":[{"embeddable":true,"href":"http:\/\/www.ttistanbulspor.org\/index.php\/wp-json\/wp\/v2\/comments?post=3074"}],"wp:attachment":[{"href":"http:\/\/www.ttistanbulspor.org\/index.php\/wp-json\/wp\/v2\/media?parent=3074"}],"curies":[{"name":"wp","href":"https:\/\/api.w.org\/{rel}","templated":true}]}}