{"id":3071,"date":"2018-04-04T11:22:53","date_gmt":"2018-04-04T08:22:53","guid":{"rendered":"http:\/\/www.ttistanbulspor.org\/?post_type=product&#038;p=3071"},"modified":"2018-04-04T11:22:53","modified_gmt":"2018-04-04T08:22:53","slug":"icimizdeki-cocuk","status":"publish","type":"product","link":"http:\/\/www.ttistanbulspor.org\/index.php\/urun\/icimizdeki-cocuk\/","title":{"rendered":"\u0130\u00e7imizdeki \u00c7ocuk"},"content":{"rendered":"<p>&#8216;\u0130\u00e7imizdeki \u00c7ocuk&#8217;, ya\u015fam\u0131m\u0131za y\u00f6n veren g\u00fc\u00e7l\u00fc bir varl\u0131kt\u0131r. \u0130\u00e7imizdeki \u00c7ocuk ve \u0130\u00e7imizdeki Ana-Baba, duygu, d\u00fc\u015f\u00fcn\u00fc\u015f ve davran\u0131\u015flar\u0131m\u0131z\u0131 s\u00fcrekli y\u00f6nlendirdi\u011fi halde, \u00e7o\u011fu kez onlar\u0131n varl\u0131\u011f\u0131ndan bile haberdar olmay\u0131z.<br \/>\nBu kitap, i\u00e7inde yeti\u015fti\u011finiz ailenin ve yak\u0131n \u00e7evrenin sizin i\u00e7 d\u00fcnyan\u0131z\u0131 ve \u015fimdiki duygu, d\u00fc\u015f\u00fcn\u00fc\u015f ve davran\u0131\u015f\u0131n\u0131z\u0131 nas\u0131l etkiledi\u011fini incelemektedir.<\/p>\n","protected":false},"excerpt":{"rendered":"<p>&#8216;\u0130\u00e7imizdeki \u00c7ocuk&#8217;, ya\u015fam\u0131m\u0131za y\u00f6n veren g\u00fc\u00e7l\u00fc bir varl\u0131kt\u0131r. \u0130\u00e7imizdeki \u00c7ocuk ve \u0130\u00e7imizdeki Ana-Baba, duygu, d\u00fc\u015f\u00fcn\u00fc\u015f [&#8230;]<\/p>\n","protected":false},"featured_media":0,"comment_status":"open","ping_status":"closed","template":"","meta":[],"class_list":["post-3071","product","type-product","status-publish","hentry","product_cat-genel"],"_links":{"self":[{"href":"http:\/\/www.ttistanbulspor.org\/index.php\/wp-json\/wp\/v2\/product\/3071","targetHints":{"allow":["GET"]}}],"collection":[{"href":"http:\/\/www.ttistanbulspor.org\/index.php\/wp-json\/wp\/v2\/product"}],"about":[{"href":"http:\/\/www.ttistanbulspor.org\/index.php\/wp-json\/wp\/v2\/types\/product"}],"replies":[{"embeddable":true,"href":"http:\/\/www.ttistanbulspor.org\/index.php\/wp-json\/wp\/v2\/comments?post=3071"}],"wp:attachment":[{"href":"http:\/\/www.ttistanbulspor.org\/index.php\/wp-json\/wp\/v2\/media?parent=3071"}],"curies":[{"name":"wp","href":"https:\/\/api.w.org\/{rel}","templated":true}]}}