{"id":3066,"date":"2018-04-04T11:01:35","date_gmt":"2018-04-04T08:01:35","guid":{"rendered":"http:\/\/www.ttistanbulspor.org\/?post_type=product&#038;p=3066"},"modified":"2018-04-04T11:01:35","modified_gmt":"2018-04-04T08:01:35","slug":"iki-kadin-iki-mutsuz-kadinin-gercek-hikayesi","status":"publish","type":"product","link":"http:\/\/www.ttistanbulspor.org\/index.php\/urun\/iki-kadin-iki-mutsuz-kadinin-gercek-hikayesi\/","title":{"rendered":"\u0130ki Kad\u0131n; \u0130ki Mutsuz Kad\u0131n\u0131n Ger\u00e7ek Hikayesi"},"content":{"rendered":"<p>Biri; hayat\u0131 boyunca hi\u00e7bir i\u015fte ba\u015far\u0131l\u0131 olamayan, s\u00fcrekli hayal k\u0131r\u0131kl\u0131klar\u0131 ya\u015fayan pasif bir kocan\u0131n, \u00fcmitlerini, hayallerini t\u00fcm hayat\u0131n\u0131 \u00e7ald\u0131\u011f\u0131 kar\u0131s\u0131 Peride\u2019nin var olma sava\u015f\u0131.<\/p>\n<p>Di\u011feri; \u00e7evresi ve maddi durumu itibariyle olduk\u00e7a rahat bir ya\u015fant\u0131ya sahip olan G\u00fclben\u2019in bir \u00f6mre bedel mutsuz evlili\u011finin hik\u00e2yesi.<\/p>\n<p>Kaybedi\u015fleri ve hayal k\u0131r\u0131kl\u0131klar\u0131 ya\u015farken dahi ya\u015fad\u0131klar\u0131na bir t\u00fcrl\u00fc inanamayan G\u00fclben\u2019de pasif, vasat bir kocan\u0131n bencil varl\u0131\u011f\u0131n\u0131n yan\u0131nda varolma sava\u015f\u0131 veriyor!&#8230;<\/p>\n<p>Mutsuzlu\u011fun resmini daha \u00e7ok kad\u0131nlar\u0131n \u00e7izdi\u011fi d\u00fcnyada; g\u00f6rmedi\u011finiz ve tan\u0131mad\u0131\u011f\u0131n\u0131z, belki de g\u00f6rmezden geldi\u011finiz ger\u00e7ek hayat\u0131n i\u00e7inden farkl\u0131, birbirini hi\u00e7 tan\u0131mayan iki mutsuz kad\u0131n\u0131n trajik hayat hik\u00e2yesi.<\/p>\n<p>Kimbilir; sizin de hayat hik\u00e2yeniz Peride ve G\u00fclben\u2019in ya\u015fad\u0131klar\u0131na benziyor olabilir.<\/p>\n<p>&nbsp;<\/p>\n","protected":false},"excerpt":{"rendered":"<p>Biri; hayat\u0131 boyunca hi\u00e7bir i\u015fte ba\u015far\u0131l\u0131 olamayan, s\u00fcrekli hayal k\u0131r\u0131kl\u0131klar\u0131 ya\u015fayan pasif bir kocan\u0131n, \u00fcmitlerini, [&#8230;]<\/p>\n","protected":false},"featured_media":0,"comment_status":"open","ping_status":"closed","template":"","meta":[],"class_list":["post-3066","product","type-product","status-publish","hentry","product_cat-genel"],"_links":{"self":[{"href":"http:\/\/www.ttistanbulspor.org\/index.php\/wp-json\/wp\/v2\/product\/3066","targetHints":{"allow":["GET"]}}],"collection":[{"href":"http:\/\/www.ttistanbulspor.org\/index.php\/wp-json\/wp\/v2\/product"}],"about":[{"href":"http:\/\/www.ttistanbulspor.org\/index.php\/wp-json\/wp\/v2\/types\/product"}],"replies":[{"embeddable":true,"href":"http:\/\/www.ttistanbulspor.org\/index.php\/wp-json\/wp\/v2\/comments?post=3066"}],"wp:attachment":[{"href":"http:\/\/www.ttistanbulspor.org\/index.php\/wp-json\/wp\/v2\/media?parent=3066"}],"curies":[{"name":"wp","href":"https:\/\/api.w.org\/{rel}","templated":true}]}}