{"id":3065,"date":"2018-04-04T10:58:46","date_gmt":"2018-04-04T07:58:46","guid":{"rendered":"http:\/\/www.ttistanbulspor.org\/?post_type=product&#038;p=3065"},"modified":"2018-04-04T10:58:46","modified_gmt":"2018-04-04T07:58:46","slug":"besinci-senfoni","status":"publish","type":"product","link":"http:\/\/www.ttistanbulspor.org\/index.php\/urun\/besinci-senfoni\/","title":{"rendered":"Be\u015finci Senfoni"},"content":{"rendered":"<p><span lang=\"EN-US\">K\u00dc\u00c7\u00dcK OYUNLARIM SEN\u0130 BEKL\u0130YOR. HAZIR MISIN?\u00a0<\/span><\/p>\n<p>Gecenin ge\u00e7 bir saati, gen\u00e7 dedektif Lacey Flint yaln\u0131zca birka\u00e7 dakika \u00f6nce vah\u015fice b\u0131\u00e7aklanm\u0131\u015f bir kad\u0131na rastlar. Bu korkun\u00e7 olay\u0131n \u00fczerinden ge\u00e7en yirmi d\u00f6rt saat i\u00e7inde bir muhabir, s\u00f6z konusu cinayet ile ilk Kar\u0131nde\u015fen Jack vakas\u0131 aras\u0131ndaki \u00fcrk\u00fct\u00fcc\u00fc benzerliklere i\u015faret eden isimsiz bir mektup al\u0131r. Mektupta Lacey\u2019nin ismi ge\u00e7mektedir. Yazanlar do\u011fruysa kar\u015f\u0131lar\u0131nda, Londra\u2019n\u0131n kanl\u0131 ge\u00e7mi\u015fini canland\u0131rmaya kararl\u0131 bir katil ve bir sonraki cinayet giri\u015fiminden \u00f6nce be\u015f g\u00fcn vard\u0131r.<\/p>\n<p>Katil durdurulamaz, insanlar \u00f6lmeye devam eder. Herkes, katilin \u00f6zellikle alay etti\u011fi Lacey bile, cinayetler aras\u0131ndaki ba\u011flant\u0131lar\u0131n tesad\u00fcften ibaret oldu\u011funa inanmaktad\u0131r. Fakat dava ilerledik\u00e7e ortaya \u00e7\u0131kan detaylar Lacey\u2019ye gizli tutmay\u0131 tercih etti\u011fi kendi ge\u00e7mi\u015fini hat\u0131rlatmaya ba\u015flar. S\u0131rlar\u0131n\u0131 koruman\u0131n tek yoluysa katili kendisinin yakalamas\u0131d\u0131r.<\/p>\n","protected":false},"excerpt":{"rendered":"<p>\u201cBu kitap sizi d\u00fc\u015f\u00fcnmeye ve tahminler y\u00fcr\u00fctmeye y\u00f6neltecek. Ne zaman bir ipucu buldu\u011funuzu d\u00fc\u015f\u00fcnseniz S. J. Bolton s\u00fcrprizlerle \u00e7\u0131kagelecek ve ne zaman bir sonuca ula\u015ft\u0131\u011f\u0131n\u0131z\u0131 zannetseniz \u00f6yle olmad\u0131\u011f\u0131n\u0131 g\u00f6receksiniz.\u201d<\/p>\n<p>-NotesofLife &#8211;<\/p>\n","protected":false},"featured_media":0,"comment_status":"open","ping_status":"closed","template":"","meta":[],"class_list":["post-3065","product","type-product","status-publish","hentry","product_cat-korku-gerilim"],"_links":{"self":[{"href":"http:\/\/www.ttistanbulspor.org\/index.php\/wp-json\/wp\/v2\/product\/3065","targetHints":{"allow":["GET"]}}],"collection":[{"href":"http:\/\/www.ttistanbulspor.org\/index.php\/wp-json\/wp\/v2\/product"}],"about":[{"href":"http:\/\/www.ttistanbulspor.org\/index.php\/wp-json\/wp\/v2\/types\/product"}],"replies":[{"embeddable":true,"href":"http:\/\/www.ttistanbulspor.org\/index.php\/wp-json\/wp\/v2\/comments?post=3065"}],"wp:attachment":[{"href":"http:\/\/www.ttistanbulspor.org\/index.php\/wp-json\/wp\/v2\/media?parent=3065"}],"curies":[{"name":"wp","href":"https:\/\/api.w.org\/{rel}","templated":true}]}}