{"id":3061,"date":"2018-04-04T10:23:10","date_gmt":"2018-04-04T07:23:10","guid":{"rendered":"http:\/\/www.ttistanbulspor.org\/?post_type=product&#038;p=3061"},"modified":"2018-04-04T10:23:10","modified_gmt":"2018-04-04T07:23:10","slug":"nazi-afrikasi","status":"publish","type":"product","link":"http:\/\/www.ttistanbulspor.org\/index.php\/urun\/nazi-afrikasi\/","title":{"rendered":"Nazi Afrikas\u0131"},"content":{"rendered":"<p>Afrika, 1952. \u0130ngiltere\u2019nin Hitler\u2019le g\u00f6n\u00fcls\u00fcz bir bar\u0131\u015f s\u00fcrecine girmesinin \u00fczerinden on iki y\u0131l ge\u00e7mi\u015ftir. Gamal\u0131 ha\u00e7\u0131n h\u00e2kimiyet s\u0131n\u0131rlar\u0131 Sahra \u00c7\u00f6l\u00fc\u2019nden Hint Okyanusu\u2019na kadar uzanmaktad\u0131r. \u0130ngiltere ve galip Nazi Almanyas\u0131 k\u0131tay\u0131 aralar\u0131nda b\u00f6l\u00fc\u015fm\u00fc\u015ft\u00fcr. SS, yerli halklara eziyet edip onlar\u0131 zorla \u00e7al\u0131\u015ft\u0131rmaktad\u0131r. Yepyeni otoyollar ormanlar\u0131 yar\u0131p ge\u00e7erken jet u\u00e7aklar\u0131 g\u00f6klerde devriye gezmektedir. Sistem i\u015flemektedir\u2026<\/p>\n<p>Fakat \u015fimdi Nazi Afrikas\u0131\u2019n\u0131n mimar\u0131 Walter Hochburg\u2019un yeni planlar\u0131 \u0130ngiltere\u2019nin s\u00f6m\u00fcrgelerini tehdit etmeye ba\u015flam\u0131\u015ft\u0131r. Onu durdurmak i\u00e7in Afrika\u2019ya eski bir suikast\u00e7\u0131 olan Burton Cole g\u00f6nderilir. Cole, sevdi\u011fi kad\u0131n\u0131n b\u00fct\u00fcn itirazlar\u0131na ra\u011fmen Hochburg\u2019dan intikam almaktan vazge\u00e7mez \u00e7\u00fcnk\u00fc e\u011fer ba\u015far\u0131s\u0131z olursa k\u0131tada korkun\u00e7 olaylar patlak verecektir. Siyah ya da beyaz hi\u00e7 kimsenin bu kaderden kurtulu\u015fu yoktur.<\/p>\n","protected":false},"excerpt":{"rendered":"<p>\u201cSaville, \u0130ngiltere\u2019nin Hitler\u2019le bar\u0131\u015f antla\u015fmas\u0131 imzalamak zorunda kald\u0131\u011f\u0131\u00a0bir ortam yarat\u0131p, bir paral\u0131 askeri Afrika\u2019ya g\u00f6reve g\u00f6ndererek s\u00fcr\u00fckleyici\u00a0bir ilk roman ortaya koyuyor.\u201d<\/p>\n","protected":false},"featured_media":0,"comment_status":"open","ping_status":"closed","template":"","meta":[],"class_list":["post-3061","product","type-product","status-publish","hentry","product_cat-korku-gerilim"],"_links":{"self":[{"href":"http:\/\/www.ttistanbulspor.org\/index.php\/wp-json\/wp\/v2\/product\/3061","targetHints":{"allow":["GET"]}}],"collection":[{"href":"http:\/\/www.ttistanbulspor.org\/index.php\/wp-json\/wp\/v2\/product"}],"about":[{"href":"http:\/\/www.ttistanbulspor.org\/index.php\/wp-json\/wp\/v2\/types\/product"}],"replies":[{"embeddable":true,"href":"http:\/\/www.ttistanbulspor.org\/index.php\/wp-json\/wp\/v2\/comments?post=3061"}],"wp:attachment":[{"href":"http:\/\/www.ttistanbulspor.org\/index.php\/wp-json\/wp\/v2\/media?parent=3061"}],"curies":[{"name":"wp","href":"https:\/\/api.w.org\/{rel}","templated":true}]}}