{"id":2862,"date":"2018-03-30T16:32:20","date_gmt":"2018-03-30T13:32:20","guid":{"rendered":"http:\/\/www.ttistanbulspor.org\/?post_type=product&#038;p=2862"},"modified":"2018-03-30T16:32:20","modified_gmt":"2018-03-30T13:32:20","slug":"elia-ile-yolculuk","status":"publish","type":"product","link":"http:\/\/www.ttistanbulspor.org\/index.php\/urun\/elia-ile-yolculuk\/","title":{"rendered":"Elia \u0130le Yolculuk"},"content":{"rendered":"<p>Bu yetenek onu, hayat\u0131 boyunca ta\u015f\u0131yaca\u011f\u0131 &#8220;i\u015fbirlik\u00e7i&#8221; etiketinden kurtaramad\u0131. McCarthy d\u00f6nemindeki hatalar\u0131, onu \u00f6m\u00fcr boyu kovalad\u0131. \u00dc\u00e7\u00fcnc\u00fc Oscar\u2019\u0131n\u0131 bile \u00fcz\u00fcnt\u00fcyle kald\u0131ran Kazan, belki biraz avunmak ve ar\u0131nmak i\u00e7in annesinin dizlerine ko\u015fan bir \u00e7ocuk gibi, memleketi Kayseri&#8217;nin yollar\u0131na d\u00fc\u015ft\u00fc. Kaderini bilen ama \u00f6lmeden \u00f6nce ona kar\u015f\u0131 m\u00fccadele eden bir Yunan trajedi kahraman\u0131 gibi.<\/p>\n<p>Kadim Anadolu, bamba\u015fka ilkelere sahip, farkl\u0131 deneyimler ya\u015fam\u0131\u015f iki insan\u0131, Z\u00fclf\u00fc Livaneli ve Elia Kazan&#8217;\u0131 belki de tek ortak yolculuklar\u0131na \u00e7\u0131karmay\u0131 ba\u015fard\u0131.<\/p>\n<p>&nbsp;<\/p>\n<p>Livaneli&#8217;nin b\u00fcy\u00fcl\u00fc sat\u0131rlar\u0131ndan okuyaca\u011f\u0131m\u0131z bu s\u0131ra d\u0131\u015f\u0131 yolculu\u011fu, M.K. Perker&#8217;in muhte\u015fem \u00e7izgileriyle izleyece\u011fiz.<\/p>\n","protected":false},"excerpt":{"rendered":"<p>D\u00fcnyaca \u00fcnl\u00fc sinema ustas\u0131 ve yazar Elia Kazan, kendini bir Amerikal\u0131 ya da Yunan gibi de\u011fil, bir Anadolulu gibi hissederdi. Pek \u00e7ok oyuncuyu da birlikte \u00e7al\u0131\u015fmaya &#8220;Anadolu g\u00fcl\u00fc\u015f\u00fc&#8221; dedi\u011fi yetenekle ikna ederdi.<\/p>\n","protected":false},"featured_media":0,"comment_status":"open","ping_status":"closed","template":"","meta":[],"class_list":["post-2862","product","type-product","status-publish","hentry","product_cat-genel"],"_links":{"self":[{"href":"http:\/\/www.ttistanbulspor.org\/index.php\/wp-json\/wp\/v2\/product\/2862","targetHints":{"allow":["GET"]}}],"collection":[{"href":"http:\/\/www.ttistanbulspor.org\/index.php\/wp-json\/wp\/v2\/product"}],"about":[{"href":"http:\/\/www.ttistanbulspor.org\/index.php\/wp-json\/wp\/v2\/types\/product"}],"replies":[{"embeddable":true,"href":"http:\/\/www.ttistanbulspor.org\/index.php\/wp-json\/wp\/v2\/comments?post=2862"}],"wp:attachment":[{"href":"http:\/\/www.ttistanbulspor.org\/index.php\/wp-json\/wp\/v2\/media?parent=2862"}],"curies":[{"name":"wp","href":"https:\/\/api.w.org\/{rel}","templated":true}]}}