{"id":2833,"date":"2018-03-29T10:50:44","date_gmt":"2018-03-29T07:50:44","guid":{"rendered":"http:\/\/www.ttistanbulspor.org\/?post_type=product&#038;p=2833"},"modified":"2018-03-29T10:56:01","modified_gmt":"2018-03-29T07:56:01","slug":"feslegen","status":"publish","type":"product","link":"http:\/\/www.ttistanbulspor.org\/index.php\/urun\/feslegen\/","title":{"rendered":"Fesle\u011fen"},"content":{"rendered":"<p>Merhaba ben Fesle\u011fen.Kalemimi k\u00e2\u011f\u0131d\u0131m\u0131 haz\u0131rlad\u0131m ve k\u00fc\u00e7\u00fck bir y\u00fcre\u011fin i\u00e7ine s\u0131\u011fabilecek ne varsa anlataca\u011f\u0131m.Do\u011fdu\u011fu topraklardan uzakta bir yerde g\u00fcne\u015f g\u00f6rmeye \u00e7al\u0131\u015fan k\u00fc\u00e7\u00fck bir fidan g\u00f6r\u00fcrseniz bir g\u00fcn sulay\u0131n olur mu? Ya\u011fan ya\u011fmur ancak g\u00f6zya\u015flar\u0131na yetebilir \u00e7\u00fcnk\u00fc. Yeni ye\u015fermi\u015f bir fidan\u0131n bir Allah dostundan ba\u015fka neyi olabilir ki. Sevin onu olur mu?Ve l\u00fctfen sevenleri ay\u0131rmay\u0131n olur mu?Fesle\u011fen ile Seyyah&#8217;\u0131n son kitab\u0131 bu. Hikmet An\u0131l \u00d6ztekin, &#8220;\u00c7ok ac\u0131 \u00e7ektim. Derdi d\u00fcnya olmayan insanlar i\u00e7in yazd\u0131m bu sat\u0131rlar\u0131,&#8221; diyor ve ekliyor: &#8221; &#8216;Bir&#8217; olan\u0131n r\u0131zas\u0131ndan, insanlara Allah sevgisini anlatmaktan ve duan\u0131zdan ba\u015fka hi\u00e7bir derdim yoktur bu d\u00fcnyada. Ruh sevgiliye, beden topra\u011fa kavu\u015ftu\u011funda &#8216;iyi yazard\u0131&#8217; de\u011fil &#8216;iyi severdi&#8217; deyin bana.&#8221;H\u00fczn\u00fcn, zarafetin, g\u00f6zya\u015flar\u0131n\u0131n, kocaman y\u00fcreklerin inceliklerle \u00f6r\u00fclm\u00fc\u015f hik\u00e2yesi bu. \u0130lahi a\u015fkla hemhal olanlar\u0131n, hayat\u0131n yanl\u0131\u015f taraf\u0131nda duraca\u011f\u0131na, hep yaln\u0131z taraf\u0131nda durmay\u0131 tercih edenlerin, helal dairesinde kalmak i\u00e7in ac\u0131lara seve seve katlananlar\u0131n masum duas\u0131 bu&#8230;Siz de dua edin Fesle\u011fen ve Seyyah i\u00e7in&#8230; Bir an \u00f6nce kavu\u015fmalar\u0131 i\u00e7in&#8230;Vuslat hasreti \u00e7ekenlerle dertta\u015f olup Allah i\u00e7in \u015fu soruyu sorun kendinize: &#8220;Sevdi\u011finize son bir c\u00fcmle s\u00f6yleme f\u0131rsat\u0131n\u0131z olsayd\u0131, o c\u00fcmle ne olurdu?&#8221;<\/p>\n","protected":false},"excerpt":{"rendered":"<p>Ruh sevgiliye, beden topra\u011fa kavu\u015ftu\u011funda &#8216;iyi yazard\u0131&#8217; de\u011fil &#8216;iyi severdi&#8217; deyin bana.&#8221;H\u00fczn\u00fcn, zarafetin, g\u00f6zya\u015flar\u0131n\u0131n, kocaman y\u00fcreklerin inceliklerle \u00f6r\u00fclm\u00fc\u015f hik\u00e2yesi bu. \u0130lahi a\u015fkla hemhal olanlar\u0131n, hayat\u0131n yanl\u0131\u015f taraf\u0131nda duraca\u011f\u0131na, hep yaln\u0131z taraf\u0131nda durmay\u0131 tercih edenlerin, helal dairesinde kalmak i\u00e7in ac\u0131lara seve seve katlananlar\u0131n masum duas\u0131 bu..<\/p>\n","protected":false},"featured_media":0,"comment_status":"open","ping_status":"closed","template":"","meta":[],"class_list":["post-2833","product","type-product","status-publish","hentry","product_cat-genel","product_cat-romanhikaye"],"_links":{"self":[{"href":"http:\/\/www.ttistanbulspor.org\/index.php\/wp-json\/wp\/v2\/product\/2833","targetHints":{"allow":["GET"]}}],"collection":[{"href":"http:\/\/www.ttistanbulspor.org\/index.php\/wp-json\/wp\/v2\/product"}],"about":[{"href":"http:\/\/www.ttistanbulspor.org\/index.php\/wp-json\/wp\/v2\/types\/product"}],"replies":[{"embeddable":true,"href":"http:\/\/www.ttistanbulspor.org\/index.php\/wp-json\/wp\/v2\/comments?post=2833"}],"wp:attachment":[{"href":"http:\/\/www.ttistanbulspor.org\/index.php\/wp-json\/wp\/v2\/media?parent=2833"}],"curies":[{"name":"wp","href":"https:\/\/api.w.org\/{rel}","templated":true}]}}