{"id":2830,"date":"2018-03-29T09:58:54","date_gmt":"2018-03-29T06:58:54","guid":{"rendered":"http:\/\/www.ttistanbulspor.org\/?post_type=product&#038;p=2830"},"modified":"2018-03-29T09:58:54","modified_gmt":"2018-03-29T06:58:54","slug":"kurk-mantolu-madonna","status":"publish","type":"product","link":"http:\/\/www.ttistanbulspor.org\/index.php\/urun\/kurk-mantolu-madonna\/","title":{"rendered":"K\u00fcrk Mantolu Madonna"},"content":{"rendered":"<p>Hep ba\u015fkalar\u0131n\u0131n istedi\u011fi gibi ya\u015fayan Raif Efendi, memnuniyetsiz hayat\u0131n\u0131n tek bir an\u0131yla de\u011fi\u015fti\u011fine \u015fahit olacakt\u0131r: Maria Puder isminde bir kad\u0131na \u00e2\u015f\u0131k oldu\u011funda&#8230; Babas\u0131n\u0131n iste\u011fiyle Berlin\u2019e giden ve oradaki bir sanat galerisinde hayran kald\u0131\u011f\u0131 bir tabloyla kar\u015f\u0131la\u015fan Raif Efendi, tabloda resmedilen kad\u0131n portresinin \u00a0Andrea Del Sarto taraf\u0131ndan resmedilmi\u015f &#8220;Madonna delle Arpie&#8221; adl\u0131 tablodaki Meryem Ana (Madonna) tasvirine benzedi\u011fini d\u00fc\u015f\u00fcn\u00fcr. Raif Efendi, daha sonra tak\u0131nt\u0131 derecesinde hayran oldu\u011fu tablodaki y\u00fcz\u00fcn sahibiyle kar\u015f\u0131la\u015facakt\u0131r.<\/p>\n<p>Madonna ismi, Orta-\u00c7a\u011f \u0130talyancas\u0131nda \u201cma donna\u201d \u00f6be\u011finden gelmektedir. \u201cMa donna\u201d, k\u0131saca \u201cleydim\u201d anlam\u0131na gelir ve Hz. Meryem\u2019in s\u0131fatlar\u0131ndan biridir.<\/p>\n","protected":false},"excerpt":{"rendered":"<p><em>\u201dD\u00fcnya\u2019n\u0131n en basit, en zavall\u0131, hatta en ahmak adam\u0131 bile, insan\u0131 hayretten hayrete d\u00fc\u015f\u00fcrecek ne m\u00fcthi\u015f ve kar\u0131\u015f\u0131k bir ruha maliktir!&#8230; Ni\u00e7in bunu anlamaktan bu kadar ka\u00e7\u0131yor ve insan dedikleri mahluku anla\u015f\u0131lmas\u0131 ve hakk\u0131nda h\u00fck\u00fcm verilmesi en kolay \u015feylerden biri zannediyoruz?\u201d<\/em><\/p>\n","protected":false},"featured_media":0,"comment_status":"open","ping_status":"closed","template":"","meta":[],"class_list":["post-2830","product","type-product","status-publish","hentry","product_cat-romanhikaye"],"_links":{"self":[{"href":"http:\/\/www.ttistanbulspor.org\/index.php\/wp-json\/wp\/v2\/product\/2830","targetHints":{"allow":["GET"]}}],"collection":[{"href":"http:\/\/www.ttistanbulspor.org\/index.php\/wp-json\/wp\/v2\/product"}],"about":[{"href":"http:\/\/www.ttistanbulspor.org\/index.php\/wp-json\/wp\/v2\/types\/product"}],"replies":[{"embeddable":true,"href":"http:\/\/www.ttistanbulspor.org\/index.php\/wp-json\/wp\/v2\/comments?post=2830"}],"wp:attachment":[{"href":"http:\/\/www.ttistanbulspor.org\/index.php\/wp-json\/wp\/v2\/media?parent=2830"}],"curies":[{"name":"wp","href":"https:\/\/api.w.org\/{rel}","templated":true}]}}