{"id":2826,"date":"2018-03-29T09:50:32","date_gmt":"2018-03-29T06:50:32","guid":{"rendered":"http:\/\/www.ttistanbulspor.org\/?post_type=product&#038;p=2826"},"modified":"2018-03-29T09:55:50","modified_gmt":"2018-03-29T06:55:50","slug":"huzursuzluk","status":"publish","type":"product","link":"http:\/\/www.ttistanbulspor.org\/index.php\/urun\/huzursuzluk\/","title":{"rendered":"Huzursuzluk"},"content":{"rendered":"<p>Merhamet zulm\u00fcn merhemi olamaz!<\/p>\n<p>\u0130stanbul\u2019un karga\u015fas\u0131 i\u00e7inde s\u0131radan bir ya\u015fam s\u00fcren \u0130brahim, \u00e7ocukluk arkada\u015f\u0131 H\u00fcseyin\u2019in \u00f6l\u00fcm haberi \u00fczerine do\u011fdu\u011fu kadim kent Mardin\u2019e\u00a0gider. Onun, \u00f6nce sevdaya sonra \u00f6l\u00fcme yaz\u0131lm\u0131\u015f, Mardin\u2019de ba\u015flay\u0131p Amerika\u2019da sona ermi\u015f hayat\u0131n\u0131 ara\u015ft\u0131rmaya koyulur. B\u00f6ylece \u00e2deta bir girdab\u0131n i\u00e7ine \u00e7ekilir, tutkuyla ve h\u0131rsla gizemli bir kad\u0131n\u0131n pe\u015fine d\u00fc\u015fer.<\/p>\n<p>Harese nedir, bilir misin? Develerin \u00e7\u00f6lde \u00e7ok sevdi\u011fi bir diken var. Deve dikeni yedik\u00e7e a\u011fz\u0131 kanar. Tuzlu kan\u0131n tad\u0131 dikeninkiyle kar\u0131\u015f\u0131nca bu, devenin daha \u00e7ok ho\u015funa gider. Kanad\u0131k\u00e7a yer, bir t\u00fcrl\u00fc kendi kan\u0131na doyamaz\u2026 Ortado\u011fu\u2019nun \u00e2deti budur, tarih boyunca birbirini \u00f6ld\u00fcr\u00fcr ama asl\u0131nda\u00a0kendini \u00f6ld\u00fcrd\u00fc\u011f\u00fcn\u00fc anlamaz. Kendi kan\u0131n\u0131n tad\u0131ndan sarho\u015f olur.<\/p>\n","protected":false},"excerpt":{"rendered":"<p><em><strong>Mardinli H\u00fcseyin ile I\u015e\u0130D zulm\u00fcn\u00fc misliyle ya\u015fam\u0131\u015f Ezidi k\u0131z\u0131\u00a0Meleknaz\u2019\u0131n ve kelam\u0131n \u00e7ocuklar\u0131n\u0131n hik\u00e2yesi&#8230; Livaneli okuru,\u00a0sevda ile ac\u0131n\u0131n i\u00e7 i\u00e7e ge\u00e7ti\u011fi bir Ortado\u011fu ger\u00e7e\u011fiyle bulu\u015fturuyo<\/strong><\/em><\/p>\n","protected":false},"featured_media":0,"comment_status":"open","ping_status":"closed","template":"","meta":[],"class_list":["post-2826","product","type-product","status-publish","hentry","product_cat-romanhikaye"],"_links":{"self":[{"href":"http:\/\/www.ttistanbulspor.org\/index.php\/wp-json\/wp\/v2\/product\/2826","targetHints":{"allow":["GET"]}}],"collection":[{"href":"http:\/\/www.ttistanbulspor.org\/index.php\/wp-json\/wp\/v2\/product"}],"about":[{"href":"http:\/\/www.ttistanbulspor.org\/index.php\/wp-json\/wp\/v2\/types\/product"}],"replies":[{"embeddable":true,"href":"http:\/\/www.ttistanbulspor.org\/index.php\/wp-json\/wp\/v2\/comments?post=2826"}],"wp:attachment":[{"href":"http:\/\/www.ttistanbulspor.org\/index.php\/wp-json\/wp\/v2\/media?parent=2826"}],"curies":[{"name":"wp","href":"https:\/\/api.w.org\/{rel}","templated":true}]}}