{"id":2680,"date":"2018-03-23T14:00:53","date_gmt":"2018-03-23T12:00:53","guid":{"rendered":"http:\/\/www.ttistanbulspor.org\/?post_type=product&#038;p=2680"},"modified":"2020-02-03T14:51:01","modified_gmt":"2020-02-03T11:51:01","slug":"atesten-gomlek","status":"publish","type":"product","link":"http:\/\/www.ttistanbulspor.org\/index.php\/urun\/atesten-gomlek\/","title":{"rendered":"Ate\u015ften G\u00f6mlek"},"content":{"rendered":"<p>Ate\u015ften G\u00f6mlek, cepheden, romanda anlat\u0131lan ki\u015filerle omuz omuza ya\u015fam\u0131\u015f birinden gelen bir yap\u0131t. Kurtulu\u015f Sava\u015f\u0131\u2019n\u0131n ate\u015ften g\u00f6mle\u011finin i\u00e7inden \u00e7\u0131km\u0131\u015f bir roman. Halide Edib Ad\u0131var, her birini yak\u0131ndan tan\u0131d\u0131\u011f\u0131 roman ki\u015filerini, yani silah arkada\u015flar\u0131n\u0131 i\u00e7tenlikle, \u00e7a\u011f\u0131na ve ya\u015fanan ac\u0131 olaylara sorumlulukla tan\u0131kl\u0131k ederek anlat\u0131yor. Ba\u011f\u0131ms\u0131zl\u0131k sava\u015f\u0131m\u0131z\u0131 b\u00fct\u00fcn ger\u00e7ekli\u011fi ve canl\u0131l\u0131\u011f\u0131yla anlatan belki de en \u00f6nemli roman, Ate\u015ften G\u00f6mlek.<\/p>\n<p>\u0130htilal ve isyan g\u00fcnlerinden beri koza, kurt, kelebek devirleri tetkik edilen mahl\u00fbkat gibi Sakarya sil\u00e2h arkada\u015flar\u0131m\u0131n &#8220;Ate\u015ften G\u00f6mlek&#8221;te birka\u00e7 solgun aksini \u0130stanbul, ihtilal ve ordu g\u00fcnlerinden al\u0131p k\u00e2\u011f\u0131t \u00fcst\u00fcne koymaya \u00e7al\u0131\u015ft\u0131m. \u0130stedi\u011fim gibi olmad\u0131\u011f\u0131 i\u00e7in sil\u00e2h arkada\u015flar\u0131mdan af dilemek isterdim. Bize onlar ilham ettiler.<\/p>\n","protected":false},"excerpt":{"rendered":"<p>Ate\u015ften G\u00f6mlek, cepheden, romanda anlat\u0131lan ki\u015filerle omuz omuza ya\u015fam\u0131\u015f birinden gelen bir yap\u0131t. Kurtulu\u015f Sava\u015f\u0131\u2019n\u0131n ate\u015ften g\u00f6mle\u011finin i\u00e7inden \u00e7\u0131km\u0131\u015f bir roman.<\/p>\n","protected":false},"featured_media":2132,"comment_status":"open","ping_status":"closed","template":"","meta":[],"class_list":["post-2680","product","type-product","status-publish","has-post-thumbnail","hentry","product_cat-romanhikaye"],"_links":{"self":[{"href":"http:\/\/www.ttistanbulspor.org\/index.php\/wp-json\/wp\/v2\/product\/2680","targetHints":{"allow":["GET"]}}],"collection":[{"href":"http:\/\/www.ttistanbulspor.org\/index.php\/wp-json\/wp\/v2\/product"}],"about":[{"href":"http:\/\/www.ttistanbulspor.org\/index.php\/wp-json\/wp\/v2\/types\/product"}],"replies":[{"embeddable":true,"href":"http:\/\/www.ttistanbulspor.org\/index.php\/wp-json\/wp\/v2\/comments?post=2680"}],"wp:featuredmedia":[{"embeddable":true,"href":"http:\/\/www.ttistanbulspor.org\/index.php\/wp-json\/wp\/v2\/media\/2132"}],"wp:attachment":[{"href":"http:\/\/www.ttistanbulspor.org\/index.php\/wp-json\/wp\/v2\/media?parent=2680"}],"curies":[{"name":"wp","href":"https:\/\/api.w.org\/{rel}","templated":true}]}}