{"id":1452,"date":"2017-08-03T13:16:07","date_gmt":"2017-08-03T10:16:07","guid":{"rendered":"http:\/\/www.ttistanbulspor.org\/?page_id=1452"},"modified":"2017-08-03T13:16:21","modified_gmt":"2017-08-03T10:16:21","slug":"1-amator-lig-a-takimi-puan-tablosu","status":"publish","type":"page","link":"http:\/\/www.ttistanbulspor.org\/index.php\/1-amator-lig-a-takimi-puan-tablosu\/","title":{"rendered":"U 1. Amat\u00f6r Lig (A Tak\u0131m\u0131) Puan Tablosu"},"content":{"rendered":"","protected":false},"excerpt":{"rendered":"","protected":false},"author":1,"featured_media":0,"parent":0,"menu_order":0,"comment_status":"closed","ping_status":"closed","template":"","meta":{"footnotes":""},"class_list":["post-1452","page","type-page","status-publish","hentry"],"_links":{"self":[{"href":"http:\/\/www.ttistanbulspor.org\/index.php\/wp-json\/wp\/v2\/pages\/1452","targetHints":{"allow":["GET"]}}],"collection":[{"href":"http:\/\/www.ttistanbulspor.org\/index.php\/wp-json\/wp\/v2\/pages"}],"about":[{"href":"http:\/\/www.ttistanbulspor.org\/index.php\/wp-json\/wp\/v2\/types\/page"}],"author":[{"embeddable":true,"href":"http:\/\/www.ttistanbulspor.org\/index.php\/wp-json\/wp\/v2\/users\/1"}],"replies":[{"embeddable":true,"href":"http:\/\/www.ttistanbulspor.org\/index.php\/wp-json\/wp\/v2\/comments?post=1452"}],"version-history":[{"count":1,"href":"http:\/\/www.ttistanbulspor.org\/index.php\/wp-json\/wp\/v2\/pages\/1452\/revisions"}],"predecessor-version":[{"id":1453,"href":"http:\/\/www.ttistanbulspor.org\/index.php\/wp-json\/wp\/v2\/pages\/1452\/revisions\/1453"}],"wp:attachment":[{"href":"http:\/\/www.ttistanbulspor.org\/index.php\/wp-json\/wp\/v2\/media?parent=1452"}],"curies":[{"name":"wp","href":"https:\/\/api.w.org\/{rel}","templated":true}]}}